{"id":6784,"date":"2023-11-14T14:29:02","date_gmt":"2023-11-14T13:29:02","guid":{"rendered":"https:\/\/www.stage.armes.it\/home-2\/"},"modified":"2024-09-06T10:39:19","modified_gmt":"2024-09-06T08:39:19","slug":"home-2","status":"publish","type":"page","link":"https:\/\/www.stage.armes.it\/de\/","title":{"rendered":"Home"},"content":{"rendered":"<section class=\"wpb-content-wrapper\">[vc_row full_width=&#8221;stretch_row_content_no_spaces&#8221; css=&#8221;.vc_custom_1683633392783{margin-top: 0px !important;background-color: #3b3d46 !important;}&#8221; el_class=&#8221;nascondi-mobile&#8221;][vc_column width=&#8221;1\/12&#8243; css=&#8221;.vc_custom_1682514204717{margin-top: 300px !important;margin-bottom: 100px !important;padding-right: 20% !important;}&#8221; offset=&#8221;vc_hidden-xs&#8221;][\/vc_column][vc_column width=&#8221;5\/12&#8243; offset=&#8221;vc_hidden-md vc_hidden-sm vc_col-xs-12 vc_hidden-xs&#8221; css=&#8221;.vc_custom_1724398675558{padding-left: 31px !important;}&#8221; el_class=&#8221;hover-zindex section-title-homepage&#8221;][vc_row_inner][vc_column_inner offset=&#8221;vc_hidden-xs&#8221;][vc_empty_space height=&#8221;200px&#8221;][\/vc_column_inner][\/vc_row_inner]<div class=\"norebro-heading-sc heading text-left\"\n\tid=\"norebro-custom-69e610f418ea1\" \n\t \n\t>\n\t\n\t\t\t<p class=\"subtitle\">\n\t\t\t\t\t<\/p>\n\t\n\t\n\t<h1 class=\"title subtitle-top\">\n\t\tPERFEKTION<br>\nIN JEDER WAHL<br>\nIN JEDER AKTION\t<\/h1>\n\n\t\n\t\t\n<\/div>[vc_empty_space height=&#8221;20px&#8221;]<div class=\"norebro-text-sc \" \n\tid=\"norebro-custom-69e610f418f34\" \n\t \n\t>\n\n\t<h3 id='alle-unsere-projekte-bilden-uns-ab-denn-wir-sind-das-was-wir-tun-und-t\u00e4glich-garantieren-wir-durch-systematisches-engagement-schl\u00fcsselfertige-l\u00f6sungen-geplant-in-jedem-detail-und-zwar-weltweit'  id=\"boomdevs_1\" >Alle unsere Projekte bilden uns ab, denn wir sind das, was wir tun. Und t\u00e4glich garantieren wir durch systematisches Engagement schl\u00fcsselfertige L\u00f6sungen, geplant in jedem Detail, und zwar weltweit.<\/h3>\n\t\n<\/div>[vc_empty_space height=&#8221;20px&#8221;][vc_btn title=&#8221;MEHR ERFAHREN&#8221; style=&#8221;custom&#8221; custom_background=&#8221;&#8221; custom_text=&#8221;#ff6633&#8243; shape=&#8221;square&#8221; align=&#8221;left&#8221; link=&#8221;url:https%3A%2F%2Fwww.armes.it%2Fde%2Flagersysteme%2F|title:MEHR%20ERFAHREN|&#8221; el_class=&#8221;bftm-link orange&#8221;][vc_empty_space height=&#8221;70px&#8221;][\/vc_column][vc_column width=&#8221;6\/12&#8243; offset=&#8221;vc_hidden-md vc_hidden-sm vc_col-xs-12 vc_hidden-xs&#8221;][vc_single_image image=&#8221;3631&#8243; img_size=&#8221;full&#8221; alignment=&#8221;right&#8221;][\/vc_column][\/vc_row][vc_row full_width=&#8221;stretch_row_content_no_spaces&#8221; css=&#8221;.vc_custom_1683633576849{margin-top: 0px !important;border-top-width: 0px !important;padding-top: 0px !important;background-color: #3b3d46 !important;}&#8221;][vc_column offset=&#8221;vc_hidden-lg&#8221;][vc_single_image image=&#8221;3631&#8243; img_size=&#8221;full&#8221; alignment=&#8221;right&#8221;][vc_empty_space height=&#8221;20px&#8221;][vc_row_inner][vc_column_inner css=&#8221;.vc_custom_1683632720113{padding-right: 25px !important;padding-left: 25px !important;}&#8221;]<div class=\"norebro-heading-sc heading text-left\"\n\tid=\"norebro-custom-69e610f418fc3\" \n\t \n\t>\n\t\n\t\t\t<p class=\"subtitle\">\n\t\t\t\t\t<\/p>\n\t\n\t\n\t<h1 class=\"title subtitle-top\">\n\t\tPERFEKTION<br>\nIN JEDER WAHL<br>\nIN JEDER AKTION\t<\/h1>\n\n\t\n\t\t\n<\/div>[vc_empty_space height=&#8221;20px&#8221;]<div class=\"norebro-text-sc \" \n\tid=\"norebro-custom-69e610f419045\" \n\t \n\t>\n\n\t<h3 id='alle-unsere-projekte-bilden-uns-ab-denn-wir-sind-das-was-wir-tun-und-t\u00e4glich-garantieren-wir-durch-systematisches-engagement-schl\u00fcsselfertige-l\u00f6sungen-geplant-in-jedem-detail-und-zwar-weltweit-1'  id=\"boomdevs_2\" >Alle unsere Projekte bilden uns ab, denn wir sind das, was wir tun. Und t\u00e4glich garantieren wir durch systematisches Engagement schl\u00fcsselfertige L\u00f6sungen, geplant in jedem Detail, und zwar weltweit.<\/h3>\n\t\n<\/div>[vc_btn title=&#8221;MEHR ERFAHREN&#8221; style=&#8221;custom&#8221; custom_background=&#8221;&#8221; custom_text=&#8221;#ff6633&#8243; shape=&#8221;square&#8221; align=&#8221;left&#8221; link=&#8221;url:https%3A%2F%2Fwww.armes.it%2Fde%2Flagersysteme%2F|title:Entdecken%20Italian%20Racking%20System|&#8221; el_class=&#8221;bftm-link orange&#8221;][\/vc_column_inner][\/vc_row_inner][vc_empty_space height=&#8221;70px&#8221;][\/vc_column][\/vc_row][vc_row full_width=&#8221;stretch_row_content&#8221; equal_height=&#8221;yes&#8221; css=&#8221;.vc_custom_1683633524318{margin-top: 0px !important;border-top-width: 0px !important;padding-top: 0px !important;}&#8221;][vc_column width=&#8221;1\/5&#8243; css=&#8221;.vc_custom_1683297851435{padding-top: 200px !important;padding-bottom: 40px !important;background-image: url(https:\/\/www.stage.armes.it\/wp-content\/uploads\/2023\/04\/cat1-1.jpg?id=3596) !important;background-position: center !important;background-repeat: no-repeat !important;background-size: cover !important;}&#8221; el_class=&#8221;categorie-home&#8221;][vc_row_inner][vc_column_inner offset=&#8221;vc_hidden-xs&#8221;][vc_empty_space height=&#8221;290px&#8221;][\/vc_column_inner][\/vc_row_inner]<div class=\"norebro-text-sc \" \n\tid=\"norebro-custom-69e610f4190ad\" \n\t \n\t>\n\n\t<h3 id=\"boomdevs_3\">L\u00f6sungen<br \/>\nf\u00fcr Paletten<\/h3>\n\t\n<\/div><div class=\"norebro-button-sc btn-wrap text-left\" \n\tid=\"norebro-custom-69e610f419160\"\n\t \n\t>\n\n\t<a href=\"\/de\/lagersysteme\/#PALETTEN\" \n\t\tclass=\"btn  btn-link full-width\">\n\n\t\t\n\t\t\n\t\t<span class=\"text\">\n\t\t\t\t\t<\/span>\n\n\t\t\n\t\t\n\t\t\t\t\t<span class=\"icon-arrow ion-ios-arrow-thin-right\"><\/span>\n\t\t\t<\/a>\n\n<\/div>[\/vc_column][vc_column width=&#8221;1\/5&#8243; css=&#8221;.vc_custom_1682515227654{padding-top: 200px !important;padding-bottom: 40px !important;background-image: url(https:\/\/www.stage.armes.it\/wp-content\/uploads\/2023\/04\/cat2-1.jpg?id=3598) !important;background-position: center !important;background-repeat: no-repeat !important;background-size: cover !important;}&#8221; el_class=&#8221;categorie-home&#8221;][vc_row_inner][vc_column_inner offset=&#8221;vc_hidden-xs&#8221;][vc_empty_space height=&#8221;290px&#8221;][\/vc_column_inner][\/vc_row_inner]<div class=\"norebro-text-sc \" \n\tid=\"norebro-custom-69e610f4191fe\" \n\t \n\t>\n\n\t<h3 id=\"boomdevs_4\">L\u00f6sungen<br \/>\nf\u00fcr Kartons<br \/>\nund lose Ware<\/h3>\n\t\n<\/div><div class=\"norebro-button-sc btn-wrap text-left\" \n\tid=\"norebro-custom-69e610f41928e\"\n\t \n\t>\n\n\t<a href=\"\/de\/lagersysteme\/#KARTONS\" \n\t\tclass=\"btn  btn-link full-width\">\n\n\t\t\n\t\t\n\t\t<span class=\"text\">\n\t\t\t\t\t<\/span>\n\n\t\t\n\t\t\n\t\t\t\t\t<span class=\"icon-arrow ion-ios-arrow-thin-right\"><\/span>\n\t\t\t<\/a>\n\n<\/div>[\/vc_column][vc_column width=&#8221;1\/5&#8243; css=&#8221;.vc_custom_1682515262641{padding-top: 200px !important;padding-bottom: 40px !important;background-image: url(https:\/\/www.stage.armes.it\/wp-content\/uploads\/2023\/04\/cat3-1.jpg?id=3600) !important;background-position: center !important;background-repeat: no-repeat !important;background-size: cover !important;}&#8221; el_class=&#8221;categorie-home&#8221;][vc_row_inner][vc_column_inner offset=&#8221;vc_hidden-xs&#8221;][vc_empty_space height=&#8221;290px&#8221;][\/vc_column_inner][\/vc_row_inner]<div class=\"norebro-text-sc \" \n\tid=\"norebro-custom-69e610f419306\" \n\t \n\t>\n\n\t<h3 id='lagerb\u00fchnen'  id=\"boomdevs_5\" >Lagerb\u00fchnen<\/h3>\n\t\n<\/div><div class=\"norebro-button-sc btn-wrap text-left\" \n\tid=\"norebro-custom-69e610f419388\"\n\t \n\t>\n\n\t<a href=\"\/de\/lagersysteme\/#LAGERB\u00dcHNEN\" \n\t\tclass=\"btn  btn-link full-width\">\n\n\t\t\n\t\t\n\t\t<span class=\"text\">\n\t\t\t\t\t<\/span>\n\n\t\t\n\t\t\n\t\t\t\t\t<span class=\"icon-arrow ion-ios-arrow-thin-right\"><\/span>\n\t\t\t<\/a>\n\n<\/div>[\/vc_column][vc_column width=&#8221;1\/5&#8243; css=&#8221;.vc_custom_1682515273722{padding-top: 200px !important;padding-bottom: 40px !important;background-image: url(https:\/\/www.stage.armes.it\/wp-content\/uploads\/2023\/04\/cat4-1.jpg?id=3602) !important;background-position: center !important;background-repeat: no-repeat !important;background-size: cover !important;}&#8221; el_class=&#8221;categorie-home&#8221;][vc_row_inner][vc_column_inner offset=&#8221;vc_hidden-xs&#8221;][vc_empty_space height=&#8221;290px&#8221;][\/vc_column_inner][\/vc_row_inner]<div class=\"norebro-text-sc \" \n\tid=\"norebro-custom-69e610f41940e\" \n\t \n\t>\n\n\t<h3 id='l\u00f6sungen-f\u00fcr-langgut-kragarmregale'  id=\"boomdevs_6\" >L\u00f6sungen f\u00fcr Langgut &#8211; Kragarmregale<\/h3>\n\t\n<\/div><div class=\"norebro-button-sc btn-wrap text-left\" \n\tid=\"norebro-custom-69e610f41948c\"\n\t \n\t>\n\n\t<a href=\"\/de\/lagersysteme\/#LANGGUT\" \n\t\tclass=\"btn  btn-link full-width\">\n\n\t\t\n\t\t\n\t\t<span class=\"text\">\n\t\t\t\t\t<\/span>\n\n\t\t\n\t\t\n\t\t\t\t\t<span class=\"icon-arrow ion-ios-arrow-thin-right\"><\/span>\n\t\t\t<\/a>\n\n<\/div>[\/vc_column][vc_column width=&#8221;1\/5&#8243; css=&#8221;.vc_custom_1682515283916{padding-top: 200px !important;padding-bottom: 40px !important;background-image: url(https:\/\/www.stage.armes.it\/wp-content\/uploads\/2023\/04\/cat5-1.jpg?id=3604) !important;background-position: center !important;background-repeat: no-repeat !important;background-size: cover !important;}&#8221; el_class=&#8221;categorie-home&#8221;][vc_row_inner][vc_column_inner offset=&#8221;vc_hidden-xs&#8221;][vc_empty_space height=&#8221;290px&#8221;][\/vc_column_inner][\/vc_row_inner]<div class=\"norebro-text-sc \" \n\tid=\"norebro-custom-69e610f4194fb\" \n\t \n\t>\n\n\t<h3 id=\"boomdevs_7\">Automatisierte<br \/>\nLagersysteme und<br \/>\nHochregallager<br \/>\nin Silobauweise<\/h3>\n\t\n<\/div><div class=\"norebro-button-sc btn-wrap text-left\" \n\tid=\"norebro-custom-69e610f419575\"\n\t \n\t>\n\n\t<a href=\"\/de\/lagersysteme\/#LAGERSYSTEME\" \n\t\tclass=\"btn  btn-link full-width\">\n\n\t\t\n\t\t\n\t\t<span class=\"text\">\n\t\t\t\t\t<\/span>\n\n\t\t\n\t\t\n\t\t\t\t\t<span class=\"icon-arrow ion-ios-arrow-thin-right\"><\/span>\n\t\t\t<\/a>\n\n<\/div>[\/vc_column][\/vc_row][vc_row css=&#8221;.vc_custom_1683625034717{padding-top: 50px !important;}&#8221; el_class=&#8221;testo-sopra&#8221;][vc_column][vc_btn title=&#8221;MEHR ERFAHREN&#8221; style=&#8221;custom&#8221; custom_background=&#8221;&#8221; custom_text=&#8221;#000000&#8243; shape=&#8221;square&#8221; align=&#8221;center&#8221; link=&#8221;url:https%3A%2F%2Fwww.armes.it%2Fde%2Flagersysteme%2F|title:MEHR%20ERFAHREN|&#8221; el_class=&#8221;bftm-link&#8221;][\/vc_column][\/vc_row][vc_row css=&#8221;.vc_custom_1681747379299{padding-top: 50px !important;}&#8221;][vc_column offset=&#8221;vc_hidden-xs&#8221;][vc_empty_space height=&#8221;200px&#8221;][\/vc_column][\/vc_row][vc_row full_width=&#8221;stretch_row_content&#8221; content_placement=&#8221;top&#8221; css=&#8221;.vc_custom_1683624957539{background-position: center !important;background-repeat: no-repeat !important;background-size: contain !important;}&#8221; el_class=&#8221;testo-sopra&#8221;][vc_column width=&#8221;1\/12&#8243; offset=&#8221;vc_hidden-sm vc_hidden-xs&#8221;][\/vc_column][vc_column width=&#8221;1\/3&#8243; offset=&#8221;vc_hidden-md vc_hidden-sm vc_hidden-xs&#8221;]<div class=\"norebro-text-sc \" \n\tid=\"norebro-custom-69e610f4195ec\" \n\t \n\t>\n\n\t<h5 id=\"boomdevs_8\">Case<br \/>\nstudies<\/h5>\n\t\n<\/div><div class=\"norebro-text-sc \" \n\tid=\"norebro-custom-69e610f419648\" \n\t \n\t>\n\n\t<h2 id='keine-grenzen-keine-einschr\u00e4nkungen'  id=\"boomdevs_9\" >Keine Grenzen, keine Einschr\u00e4nkungen<\/h2>\n\t\n<\/div><div class=\"norebro-text-sc \" \n\tid=\"norebro-custom-69e610f41969f\" \n\t \n\t>\n\n\t<h3 id='sie-finden-uns-dort-wo-die-herausforderungen-anspruchsvoll-und-die-l\u00f6sungen-von-absoluter-qualit\u00e4t-sind'  id=\"boomdevs_10\" >Sie finden uns dort, wo die Herausforderungen anspruchsvoll und die L\u00f6sungen von absoluter Qualit\u00e4t sind.<\/h3>\n\t\n<\/div>[vc_btn title=&#8221;ERLEBEN SIE UNSERE FALLSTUDIEN&#8221; style=&#8221;custom&#8221; custom_background=&#8221;&#8221; custom_text=&#8221;#000000&#8243; shape=&#8221;square&#8221; align=&#8221;left&#8221; link=&#8221;url:https%3A%2F%2Fwww.armes.it%2Fde%2Fcase-studies-2%2F|title:ERLEBEN%20SIE%20UNSERE%20FALLSTUDIEN|&#8221; el_class=&#8221;bftm-link&#8221;][vc_empty_space height=&#8221;50px&#8221;][\/vc_column][vc_column width=&#8221;7\/12&#8243; offset=&#8221;vc_hidden-xs&#8221;][\/vc_column][\/vc_row][vc_row full_width=&#8221;stretch_row&#8221; content_placement=&#8221;top&#8221; css=&#8221;.vc_custom_1683726924812{background-position: center !important;background-repeat: no-repeat !important;background-size: contain !important;}&#8221; el_class=&#8221;nascondi-mobile&#8221;][vc_column el_class=&#8221;immagine-sopra&#8221; offset=&#8221;vc_hidden-md vc_hidden-sm vc_hidden-xs&#8221; css=&#8221;.vc_custom_1683634247672{margin-top: -750px !important;}&#8221;][vc_single_image image=&#8221;7248&#8243; img_size=&#8221;full&#8221; alignment=&#8221;center&#8221;][\/vc_column][\/vc_row][vc_row full_width=&#8221;stretch_row_content&#8221; content_placement=&#8221;bottom&#8221;][vc_column css=&#8221;.vc_custom_1683556370949{padding-right: 5% !important;padding-left: 5% !important;}&#8221; offset=&#8221;vc_hidden-lg&#8221;][vc_empty_space height=&#8221;30px&#8221;][\/vc_column][\/vc_row][vc_row css=&#8221;.vc_custom_1683634277222{padding-right: 25px !important;padding-left: 25px !important;}&#8221;][vc_column offset=&#8221;vc_hidden-lg&#8221;][vc_single_image image=&#8221;7248&#8243; img_size=&#8221;full&#8221; alignment=&#8221;center&#8221;]<div class=\"norebro-text-sc \" \n\tid=\"norebro-custom-69e610f4196f2\" \n\t \n\t>\n\n\t<h5 id=\"boomdevs_11\">Case<br \/>\nstudies<\/h5>\n\t\n<\/div><div class=\"norebro-text-sc \" \n\tid=\"norebro-custom-69e610f41974e\" \n\t \n\t>\n\n\t<h2 id='keine-grenzen-keine-einschr\u00e4nkungen-1'  id=\"boomdevs_12\" >Keine Grenzen, keine Einschr\u00e4nkungen<\/h2>\n\t\n<\/div><div class=\"norebro-text-sc \" \n\tid=\"norebro-custom-69e610f4197a3\" \n\t \n\t>\n\n\t<h3 id='sie-finden-uns-dort-wo-die-herausforderungen-anspruchsvoll-und-die-l\u00f6sungen-von-absoluter-qualit\u00e4t-sind-1'  id=\"boomdevs_13\" >Sie finden uns dort, wo die Herausforderungen anspruchsvoll und die L\u00f6sungen von absoluter Qualit\u00e4t sind.<\/h3>\n\t\n<\/div>[vc_btn title=&#8221;ERLEBEN SIE UNSERE FALLSTUDIEN&#8221; style=&#8221;custom&#8221; custom_background=&#8221;&#8221; custom_text=&#8221;#000000&#8243; shape=&#8221;square&#8221; align=&#8221;left&#8221; link=&#8221;url:https%3A%2F%2Fwww.armes.it%2Fde%2Fcase-studies-2%2F|title:ERLEBEN%20SIE%20UNSERE%20FALLSTUDIEN|&#8221; el_class=&#8221;bftm-link&#8221;][vc_empty_space height=&#8221;50px&#8221;][\/vc_column][\/vc_row][vc_row full_width=&#8221;stretch_row_content&#8221; content_placement=&#8221;bottom&#8221; css=&#8221;.vc_custom_1702369536914{margin-top: 150px !important;}&#8221;][vc_column width=&#8221;1\/2&#8243; css=&#8221;.vc_custom_1691755860593{padding-right: 5% !important;padding-left: 5% !important;}&#8221;][vc_single_image image=&#8221;3564&#8243; img_size=&#8221;full&#8221;][\/vc_column][vc_column el_class=&#8221;arancio&#8221; offset=&#8221;vc_col-lg-5&#8243;]<div class=\"norebro-text-sc \" \n\tid=\"norebro-custom-69e610f4197fa\" \n\t \n\t>\n\n\t<h5 id='zertifizierungen'  id=\"boomdevs_14\" >zertifizierungen<\/h5>\n\t\n<\/div><div class=\"norebro-text-sc \" \n\tid=\"norebro-custom-69e610f419854\" \n\t \n\t>\n\n\t<h1 id=\"boomdevs_15\">IMMER<br \/>\nIM EINKLANG<\/h1>\n\t\n<\/div><div class=\"norebro-text-sc \" \n\tid=\"norebro-custom-69e610f4198ac\" \n\t \n\t>\n\n\t<p>Unsere regelm\u00e4\u00dfigen Inspektions- und Pr\u00fcfdienste der Lagersysteme erm\u00f6glichen es Ihnen, Ihre Verpflichtungen im Rahmen des Einheitstextes (Testo Unico &#8211; T.U.) 81\/2008 sowie der Norm EN 15635:2009 zu erf\u00fcllen. Mit unserer Dokumentation und unseren Berichten stehen Sie immer im Einklang mit den Vorschriften und finden sich in voller Sicherheit an Ihrem Arbeitsplatz.<\/p>\n\t\n<\/div><div class=\"norebro-text-sc \" \n\tid=\"norebro-custom-69e610f419901\" \n\t \n\t>\n\n\t<h2 id=\"boomdevs_16\">Fordern Sie eine<br \/>\nSicherheitspr\u00fcfung der<br \/>\nRegalanlage an<\/h2>\n\t\n<\/div>[vc_btn title=&#8221;Hier klicken&#8221; style=&#8221;custom&#8221; custom_background=&#8221;&#8221; custom_text=&#8221;#ff6633&#8243; shape=&#8221;square&#8221; align=&#8221;left&#8221; link=&#8221;url:https%3A%2F%2Fwww.armes.it%2Fde%2Fzertifizierung%2F|title:Hier%20klicken|&#8221; el_class=&#8221;bftm-link orange&#8221;][vc_empty_space height=&#8221;130px&#8221;][\/vc_column][vc_column width=&#8221;1\/12&#8243; css=&#8221;.vc_custom_1683556631925{padding-top: 100px !important;}&#8221; offset=&#8221;vc_hidden-md vc_hidden-sm vc_hidden-xs&#8221;][\/vc_column][\/vc_row][vc_row full_width=&#8221;stretch_row_content&#8221; content_placement=&#8221;bottom&#8221;][vc_column css=&#8221;.vc_custom_1683556370949{padding-right: 5% !important;padding-left: 5% !important;}&#8221; offset=&#8221;vc_hidden-lg&#8221;][vc_single_image image=&#8221;3564&#8243; img_size=&#8221;full&#8221;][\/vc_column][\/vc_row][vc_row full_width=&#8221;stretch_row&#8221; css=&#8221;.vc_custom_1690892681861{margin-top: 0px !important;border-bottom-width: 80px !important;padding-top: 300px !important;padding-bottom: 400px !important;background-image: url(https:\/\/www.stage.armes.it\/wp-content\/uploads\/2023\/04\/fascia-arancio.png?id=3633) !important;background-position: center !important;background-repeat: no-repeat !important;background-size: cover !important;}&#8221; el_class=&#8221;testo-case&#8221;][vc_column offset=&#8221;vc_col-lg-6&#8243;]<div class=\"norebro-text-sc \" \n\tid=\"norebro-custom-69e610f419956\" \n\t \n\t>\n\n\t<h2 id='ihr-qualit\u00e4tssiegel'  id=\"boomdevs_17\" >Ihr Qualit\u00e4tssiegel<\/h2>\n\t\n<\/div><div class=\"norebro-text-sc \" \n\tid=\"norebro-custom-69e610f4199b2\" \n\t \n\t>\n\n\t<p>Wir stellen unsere umfassende Erfahrung zur Verf\u00fcgung, um die vollst\u00e4ndige Einhaltung der Vorschriften, die Sicherheit am Arbeitsplatz und die Konformit\u00e4t Ihres Regalsystems in Bezug auf Qualit\u00e4t und Stabilit\u00e4t zu \u00fcberpr\u00fcfen und zu bescheinigen. Im Laufe der Jahre haben wir wichtige Zertifizierungen erhalten, die die Qualit\u00e4t unserer Arbeit best\u00e4tigen.<\/p>\n\t\n<\/div>[vc_btn title=&#8221;ALLE ZERTIFIZIERUNGEN ANZEIGEN&#8221; style=&#8221;custom&#8221; custom_background=&#8221;&#8221; custom_text=&#8221;#000000&#8243; shape=&#8221;square&#8221; align=&#8221;left&#8221; link=&#8221;url:https%3A%2F%2Fwww.armes.it%2Fde%2Fzertifizierung%2F|title:ALLE%20ZERTIFIZIERUNGEN%20ANZEIGEN|&#8221; el_class=&#8221;bftm-link&#8221;][\/vc_column][vc_column offset=&#8221;vc_col-lg-6 vc_hidden-lg&#8221;][vc_empty_space height=&#8221;30px&#8221;][vc_single_image image=&#8221;4334&#8243; img_size=&#8221;full&#8221;][\/vc_column][\/vc_row]\n<\/section>","protected":false},"excerpt":{"rendered":"<p>[vc_row full_width=&#8221;stretch_row_content_no_spaces&#8221; css=&#8221;.vc_custom_1683633392783{margin-top: 0px !important;background-color: #3b3d46 !important;}&#8221; el_class=&#8221;nascondi-mobile&#8221;][vc_column width=&#8221;1\/12&#8243; css=&#8221;.vc_custom_1682514204717{margin-top: 300px !important;margin-bottom: 100px !important;padding-right:&#8230;<\/p>\n","protected":false},"author":1,"featured_media":0,"parent":0,"menu_order":0,"comment_status":"closed","ping_status":"closed","template":"","meta":{"inline_featured_image":false},"acf":[],"yoast_head":"<!-- This site is optimized with the Yoast SEO plugin v21.8.1 - https:\/\/yoast.com\/wordpress\/plugins\/seo\/ -->\n<title>Die besten Industriellen Lagersysteme - Armes<\/title>\n<meta name=\"description\" content=\"Seit 1956 steht unser Name weltweit f\u00fcr hochwertige Regal- und Lagersysteme. Im Laufe der Jahre haben wir eine bedeutende Geschichte geschrieben...\" \/>\n<meta name=\"robots\" content=\"noindex, follow, max-snippet:-1, max-image-preview:large, max-video-preview:-1\" \/>\n<meta property=\"og:locale\" content=\"de_DE\" \/>\n<meta property=\"og:type\" content=\"article\" \/>\n<meta property=\"og:title\" content=\"Die besten Industriellen Lagersysteme - Armes\" \/>\n<meta property=\"og:description\" content=\"Seit 1956 steht unser Name weltweit f\u00fcr hochwertige Regal- und Lagersysteme. Im Laufe der Jahre haben wir eine bedeutende Geschichte geschrieben...\" \/>\n<meta property=\"og:url\" content=\"https:\/\/www.stage.armes.it\/de\/\" \/>\n<meta property=\"og:site_name\" content=\"ARMES\" \/>\n<meta property=\"article:publisher\" content=\"https:\/\/www.facebook.com\/Armes.spa\" \/>\n<meta property=\"article:modified_time\" content=\"2024-09-06T08:39:19+00:00\" \/>\n<meta name=\"twitter:card\" content=\"summary_large_image\" \/>\n<script type=\"application\/ld+json\" class=\"yoast-schema-graph\">{\"@context\":\"https:\/\/schema.org\",\"@graph\":[{\"@type\":\"WebPage\",\"@id\":\"https:\/\/www.stage.armes.it\/de\/\",\"url\":\"https:\/\/www.stage.armes.it\/de\/\",\"name\":\"Die besten Industriellen Lagersysteme - Armes\",\"isPartOf\":{\"@id\":\"https:\/\/www.stage.armes.it\/de\/#website\"},\"datePublished\":\"2023-11-14T13:29:02+00:00\",\"dateModified\":\"2024-09-06T08:39:19+00:00\",\"description\":\"Seit 1956 steht unser Name weltweit f\u00fcr hochwertige Regal- und Lagersysteme. Im Laufe der Jahre haben wir eine bedeutende Geschichte geschrieben...\",\"breadcrumb\":{\"@id\":\"https:\/\/www.stage.armes.it\/de\/#breadcrumb\"},\"inLanguage\":\"de\",\"potentialAction\":[{\"@type\":\"ReadAction\",\"target\":[\"https:\/\/www.stage.armes.it\/de\/\"]}]},{\"@type\":\"BreadcrumbList\",\"@id\":\"https:\/\/www.stage.armes.it\/de\/#breadcrumb\",\"itemListElement\":[{\"@type\":\"ListItem\",\"position\":1,\"name\":\"Home\",\"item\":\"https:\/\/www.stage.armes.it\/de\/\"},{\"@type\":\"ListItem\",\"position\":2,\"name\":\"Home\"}]},{\"@type\":\"WebSite\",\"@id\":\"https:\/\/www.stage.armes.it\/de\/#website\",\"url\":\"https:\/\/www.stage.armes.it\/de\/\",\"name\":\"Armes\",\"description\":\"Da oltre 40 anni specialisti nella produzione, vendita e ispezione di scaffalature metalliche per l&#039;industria\",\"publisher\":{\"@id\":\"https:\/\/www.stage.armes.it\/de\/#organization\"},\"potentialAction\":[{\"@type\":\"SearchAction\",\"target\":{\"@type\":\"EntryPoint\",\"urlTemplate\":\"https:\/\/www.stage.armes.it\/de\/?s={search_term_string}\"},\"query-input\":\"required name=search_term_string\"}],\"inLanguage\":\"de\"},{\"@type\":\"Organization\",\"@id\":\"https:\/\/www.stage.armes.it\/de\/#organization\",\"name\":\"Armes SpA\",\"url\":\"https:\/\/www.stage.armes.it\/de\/\",\"logo\":{\"@type\":\"ImageObject\",\"inLanguage\":\"de\",\"@id\":\"https:\/\/www.stage.armes.it\/de\/#\/schema\/logo\/image\/\",\"url\":\"https:\/\/www.stage.armes.it\/wp-content\/uploads\/2023\/04\/logo-armes-dark.svg\",\"contentUrl\":\"https:\/\/www.stage.armes.it\/wp-content\/uploads\/2023\/04\/logo-armes-dark.svg\",\"width\":219,\"height\":76,\"caption\":\"Armes SpA\"},\"image\":{\"@id\":\"https:\/\/www.stage.armes.it\/de\/#\/schema\/logo\/image\/\"},\"sameAs\":[\"https:\/\/www.facebook.com\/Armes.spa\",\"https:\/\/it.linkedin.com\/company\/armes\",\"https:\/\/www.instagram.com\/armes_steelracking\/\"]}]}<\/script>\n<!-- \/ Yoast SEO plugin. -->","yoast_head_json":{"title":"Die besten Industriellen Lagersysteme - Armes","description":"Seit 1956 steht unser Name weltweit f\u00fcr hochwertige Regal- und Lagersysteme. Im Laufe der Jahre haben wir eine bedeutende Geschichte geschrieben...","robots":{"index":"noindex","follow":"follow","max-snippet":"max-snippet:-1","max-image-preview":"max-image-preview:large","max-video-preview":"max-video-preview:-1"},"og_locale":"de_DE","og_type":"article","og_title":"Die besten Industriellen Lagersysteme - Armes","og_description":"Seit 1956 steht unser Name weltweit f\u00fcr hochwertige Regal- und Lagersysteme. Im Laufe der Jahre haben wir eine bedeutende Geschichte geschrieben...","og_url":"https:\/\/www.stage.armes.it\/de\/","og_site_name":"ARMES","article_publisher":"https:\/\/www.facebook.com\/Armes.spa","article_modified_time":"2024-09-06T08:39:19+00:00","twitter_card":"summary_large_image","schema":{"@context":"https:\/\/schema.org","@graph":[{"@type":"WebPage","@id":"https:\/\/www.stage.armes.it\/de\/","url":"https:\/\/www.stage.armes.it\/de\/","name":"Die besten Industriellen Lagersysteme - Armes","isPartOf":{"@id":"https:\/\/www.stage.armes.it\/de\/#website"},"datePublished":"2023-11-14T13:29:02+00:00","dateModified":"2024-09-06T08:39:19+00:00","description":"Seit 1956 steht unser Name weltweit f\u00fcr hochwertige Regal- und Lagersysteme. Im Laufe der Jahre haben wir eine bedeutende Geschichte geschrieben...","breadcrumb":{"@id":"https:\/\/www.stage.armes.it\/de\/#breadcrumb"},"inLanguage":"de","potentialAction":[{"@type":"ReadAction","target":["https:\/\/www.stage.armes.it\/de\/"]}]},{"@type":"BreadcrumbList","@id":"https:\/\/www.stage.armes.it\/de\/#breadcrumb","itemListElement":[{"@type":"ListItem","position":1,"name":"Home","item":"https:\/\/www.stage.armes.it\/de\/"},{"@type":"ListItem","position":2,"name":"Home"}]},{"@type":"WebSite","@id":"https:\/\/www.stage.armes.it\/de\/#website","url":"https:\/\/www.stage.armes.it\/de\/","name":"Armes","description":"Da oltre 40 anni specialisti nella produzione, vendita e ispezione di scaffalature metalliche per l&#039;industria","publisher":{"@id":"https:\/\/www.stage.armes.it\/de\/#organization"},"potentialAction":[{"@type":"SearchAction","target":{"@type":"EntryPoint","urlTemplate":"https:\/\/www.stage.armes.it\/de\/?s={search_term_string}"},"query-input":"required name=search_term_string"}],"inLanguage":"de"},{"@type":"Organization","@id":"https:\/\/www.stage.armes.it\/de\/#organization","name":"Armes SpA","url":"https:\/\/www.stage.armes.it\/de\/","logo":{"@type":"ImageObject","inLanguage":"de","@id":"https:\/\/www.stage.armes.it\/de\/#\/schema\/logo\/image\/","url":"https:\/\/www.stage.armes.it\/wp-content\/uploads\/2023\/04\/logo-armes-dark.svg","contentUrl":"https:\/\/www.stage.armes.it\/wp-content\/uploads\/2023\/04\/logo-armes-dark.svg","width":219,"height":76,"caption":"Armes SpA"},"image":{"@id":"https:\/\/www.stage.armes.it\/de\/#\/schema\/logo\/image\/"},"sameAs":["https:\/\/www.facebook.com\/Armes.spa","https:\/\/it.linkedin.com\/company\/armes","https:\/\/www.instagram.com\/armes_steelracking\/"]}]}},"_links":{"self":[{"href":"https:\/\/www.stage.armes.it\/de\/wp-json\/wp\/v2\/pages\/6784"}],"collection":[{"href":"https:\/\/www.stage.armes.it\/de\/wp-json\/wp\/v2\/pages"}],"about":[{"href":"https:\/\/www.stage.armes.it\/de\/wp-json\/wp\/v2\/types\/page"}],"author":[{"embeddable":true,"href":"https:\/\/www.stage.armes.it\/de\/wp-json\/wp\/v2\/users\/1"}],"replies":[{"embeddable":true,"href":"https:\/\/www.stage.armes.it\/de\/wp-json\/wp\/v2\/comments?post=6784"}],"version-history":[{"count":108,"href":"https:\/\/www.stage.armes.it\/de\/wp-json\/wp\/v2\/pages\/6784\/revisions"}],"predecessor-version":[{"id":9441,"href":"https:\/\/www.stage.armes.it\/de\/wp-json\/wp\/v2\/pages\/6784\/revisions\/9441"}],"wp:attachment":[{"href":"https:\/\/www.stage.armes.it\/de\/wp-json\/wp\/v2\/media?parent=6784"}],"curies":[{"name":"wp","href":"https:\/\/api.w.org\/{rel}","templated":true}]}}