{"id":6790,"date":"2023-11-14T16:11:58","date_gmt":"2023-11-14T15:11:58","guid":{"rendered":"https:\/\/www.stage.armes.it\/lagersysteme\/"},"modified":"2024-09-11T17:14:25","modified_gmt":"2024-09-11T15:14:25","slug":"lagersysteme","status":"publish","type":"page","link":"https:\/\/www.stage.armes.it\/de\/lagersysteme\/","title":{"rendered":"Lagersysteme"},"content":{"rendered":"<section class=\"wpb-content-wrapper\">[vc_row el_class=&#8221;stoccaggio-box-portfolio&#8221; css=&#8221;.vc_custom_1715693299257{margin-top: 70px !important;padding-top: 70px !important;padding-right: 0px !important;padding-bottom: 70px !important;padding-left: 0px !important;background-color: #e6e6e6 !important;}&#8221;][vc_column]<div class=\"norebro-text-sc titolo-pagina\" \n\tid=\"norebro-custom-69e6406ca5e90\" \n\t \n\t>\n\n\t<h1 id='lagersysteme'  id=\"boomdevs_1\" style=\"text-align: center; margin-bottom: 0;\" >Lagersysteme<\/h1>\n\t\n<\/div><div class=\"norebro-text-sc sottotitolo-pagina\" \n\tid=\"norebro-custom-69e6406ca5f4f\" \n\t \n\t>\n\n\t<p style=\"text-align: center;\">Unsere L\u00f6sungen<\/p>\n\t\n<\/div>[vc_empty_space height=&#8221;40px&#8221;][vc_raw_html]JTVCc2xpZGVyX2NhdGVnb3JpZV9wb3J0Zm9saW8lNUQ=[\/vc_raw_html][\/vc_column][\/vc_row][vc_row el_class=&#8221;lista-categorie-container-principale&#8221;][vc_column][vc_raw_html]JTVCbGlzdGFfcG9zdHNfY2F0ZWdvcmllX3BvcnRmb2xpbyU1RA==[\/vc_raw_html][\/vc_column][\/vc_row][vc_row full_width=&#8221;stretch_row&#8221; full_height=&#8221;yes&#8221; content_placement=&#8221;middle&#8221; el_class=&#8221;contenitore-trust-stoccaggio&#8221; css=&#8221;.vc_custom_1715698898030{padding-top: 50px !important;padding-bottom: 50px !important;background-color: #e6e6e6 !important;}&#8221;][vc_column width=&#8221;1\/2&#8243;]<div class=\"norebro-text-sc \" \n\tid=\"norebro-custom-69e6406ca5fcb\" \n\t \n\t>\n\n\t<h2 id='warum-armes'  id=\"boomdevs_2\" >Warum Armes?<\/h2>\n\t\n<\/div>[vc_empty_space]<div class=\"norebro-text-sc \" \n\tid=\"norebro-custom-69e6406ca6030\" \n\t \n\t>\n\n\t<p style=\"text-align: left;\">Unsere L\u00f6sungen entstehen aus sorgf\u00e4ltigen Strukturstudien und erm\u00f6glichen die Erstellung zahlreicher Systemtypen: Palettenregale, modulare ineinandergreifende Regale, mehrstufige Laufstege, automatische Lager, selbsttragende Systeme mit gro\u00dfe vertikale Ausdehnung und hohe Durchflussraten. Die Vielseitigkeit der Produkte und die Breite des Sortiments erm\u00f6glichen Kreationen in den unterschiedlichsten Gr\u00f6\u00dfen und f\u00fcr jede Anwendung, immer mit einem optimalen Preis-Leistungs-Verh\u00e4ltnis.<\/p>\n\t\n<\/div><div class=\"norebro-text-sc \" \n\tid=\"norebro-custom-69e6406ca6098\" \n\t \n\t>\n\n\t<p style=\"text-align: left;\">Wir entwerfen die Dimensionierung der Struktur, nachdem wir alle grundlegenden Faktoren analysiert haben: die verf\u00fcgbare Fl\u00e4che, die zu lagernde Ladeeinheit, der bereitgestellte Gabelstapler, die Geolokalisierung des Standorts gem\u00e4\u00df den Vorschriften der Erdbebenschutzvorschriften.<\/p>\n\t\n<\/div>[vc_empty_space][\/vc_column][vc_column width=&#8221;1\/2&#8243;][vc_single_image image=&#8221;8730&#8243; img_size=&#8221;full&#8221;][\/vc_column][\/vc_row]\n<\/section>","protected":false},"excerpt":{"rendered":"<p>[vc_row el_class=&#8221;stoccaggio-box-portfolio&#8221; css=&#8221;.vc_custom_1715693299257{margin-top: 70px !important;padding-top: 70px !important;padding-right: 0px !important;padding-bottom: 70px !important;padding-left: 0px !important;background-color: #e6e6e6&#8230;<\/p>\n","protected":false},"author":1,"featured_media":0,"parent":0,"menu_order":0,"comment_status":"closed","ping_status":"closed","template":"page-portfolio-category.php","meta":{"inline_featured_image":false},"acf":[],"yoast_head":"<!-- This site is optimized with the Yoast SEO plugin v21.8.1 - https:\/\/yoast.com\/wordpress\/plugins\/seo\/ -->\n<title>Die besten Lagersysteme - Armes<\/title>\n<meta name=\"description\" content=\"Unsere L\u00f6sungen entstehen aus sorgf\u00e4ltigen Strukturstudien und erm\u00f6glichen die Erstellung zahlreicher Systemtypen: Palettenregale, mehrstufige Laufstege...\" \/>\n<meta name=\"robots\" content=\"noindex, follow, max-snippet:-1, max-image-preview:large, max-video-preview:-1\" \/>\n<meta property=\"og:locale\" content=\"de_DE\" \/>\n<meta property=\"og:type\" content=\"article\" \/>\n<meta property=\"og:title\" content=\"Die besten Lagersysteme - Armes\" \/>\n<meta property=\"og:description\" content=\"Unsere L\u00f6sungen entstehen aus sorgf\u00e4ltigen Strukturstudien und erm\u00f6glichen die Erstellung zahlreicher Systemtypen: Palettenregale, mehrstufige Laufstege...\" \/>\n<meta property=\"og:url\" content=\"https:\/\/www.stage.armes.it\/de\/lagersysteme\/\" \/>\n<meta property=\"og:site_name\" content=\"ARMES\" \/>\n<meta property=\"article:publisher\" content=\"https:\/\/www.facebook.com\/Armes.spa\" \/>\n<meta property=\"article:modified_time\" content=\"2024-09-11T15:14:25+00:00\" \/>\n<meta name=\"twitter:card\" content=\"summary_large_image\" \/>\n<script type=\"application\/ld+json\" class=\"yoast-schema-graph\">{\"@context\":\"https:\/\/schema.org\",\"@graph\":[{\"@type\":\"WebPage\",\"@id\":\"https:\/\/www.stage.armes.it\/de\/lagersysteme\/\",\"url\":\"https:\/\/www.stage.armes.it\/de\/lagersysteme\/\",\"name\":\"Die besten Lagersysteme - Armes\",\"isPartOf\":{\"@id\":\"https:\/\/www.stage.armes.it\/de\/#website\"},\"datePublished\":\"2023-11-14T15:11:58+00:00\",\"dateModified\":\"2024-09-11T15:14:25+00:00\",\"description\":\"Unsere L\u00f6sungen entstehen aus sorgf\u00e4ltigen Strukturstudien und erm\u00f6glichen die Erstellung zahlreicher Systemtypen: Palettenregale, mehrstufige Laufstege...\",\"breadcrumb\":{\"@id\":\"https:\/\/www.stage.armes.it\/de\/lagersysteme\/#breadcrumb\"},\"inLanguage\":\"de\",\"potentialAction\":[{\"@type\":\"ReadAction\",\"target\":[\"https:\/\/www.stage.armes.it\/de\/lagersysteme\/\"]}]},{\"@type\":\"BreadcrumbList\",\"@id\":\"https:\/\/www.stage.armes.it\/de\/lagersysteme\/#breadcrumb\",\"itemListElement\":[{\"@type\":\"ListItem\",\"position\":1,\"name\":\"Home\",\"item\":\"https:\/\/www.stage.armes.it\/de\/\"},{\"@type\":\"ListItem\",\"position\":2,\"name\":\"Lagersysteme\"}]},{\"@type\":\"WebSite\",\"@id\":\"https:\/\/www.stage.armes.it\/de\/#website\",\"url\":\"https:\/\/www.stage.armes.it\/de\/\",\"name\":\"Armes\",\"description\":\"Da oltre 40 anni specialisti nella produzione, vendita e ispezione di scaffalature metalliche per l&#039;industria\",\"publisher\":{\"@id\":\"https:\/\/www.stage.armes.it\/de\/#organization\"},\"potentialAction\":[{\"@type\":\"SearchAction\",\"target\":{\"@type\":\"EntryPoint\",\"urlTemplate\":\"https:\/\/www.stage.armes.it\/de\/?s={search_term_string}\"},\"query-input\":\"required name=search_term_string\"}],\"inLanguage\":\"de\"},{\"@type\":\"Organization\",\"@id\":\"https:\/\/www.stage.armes.it\/de\/#organization\",\"name\":\"Armes SpA\",\"url\":\"https:\/\/www.stage.armes.it\/de\/\",\"logo\":{\"@type\":\"ImageObject\",\"inLanguage\":\"de\",\"@id\":\"https:\/\/www.stage.armes.it\/de\/#\/schema\/logo\/image\/\",\"url\":\"https:\/\/www.stage.armes.it\/wp-content\/uploads\/2023\/04\/logo-armes-dark.svg\",\"contentUrl\":\"https:\/\/www.stage.armes.it\/wp-content\/uploads\/2023\/04\/logo-armes-dark.svg\",\"width\":219,\"height\":76,\"caption\":\"Armes SpA\"},\"image\":{\"@id\":\"https:\/\/www.stage.armes.it\/de\/#\/schema\/logo\/image\/\"},\"sameAs\":[\"https:\/\/www.facebook.com\/Armes.spa\",\"https:\/\/it.linkedin.com\/company\/armes\",\"https:\/\/www.instagram.com\/armes_steelracking\/\"]}]}<\/script>\n<!-- \/ Yoast SEO plugin. -->","yoast_head_json":{"title":"Die besten Lagersysteme - Armes","description":"Unsere L\u00f6sungen entstehen aus sorgf\u00e4ltigen Strukturstudien und erm\u00f6glichen die Erstellung zahlreicher Systemtypen: Palettenregale, mehrstufige Laufstege...","robots":{"index":"noindex","follow":"follow","max-snippet":"max-snippet:-1","max-image-preview":"max-image-preview:large","max-video-preview":"max-video-preview:-1"},"og_locale":"de_DE","og_type":"article","og_title":"Die besten Lagersysteme - Armes","og_description":"Unsere L\u00f6sungen entstehen aus sorgf\u00e4ltigen Strukturstudien und erm\u00f6glichen die Erstellung zahlreicher Systemtypen: Palettenregale, mehrstufige Laufstege...","og_url":"https:\/\/www.stage.armes.it\/de\/lagersysteme\/","og_site_name":"ARMES","article_publisher":"https:\/\/www.facebook.com\/Armes.spa","article_modified_time":"2024-09-11T15:14:25+00:00","twitter_card":"summary_large_image","schema":{"@context":"https:\/\/schema.org","@graph":[{"@type":"WebPage","@id":"https:\/\/www.stage.armes.it\/de\/lagersysteme\/","url":"https:\/\/www.stage.armes.it\/de\/lagersysteme\/","name":"Die besten Lagersysteme - Armes","isPartOf":{"@id":"https:\/\/www.stage.armes.it\/de\/#website"},"datePublished":"2023-11-14T15:11:58+00:00","dateModified":"2024-09-11T15:14:25+00:00","description":"Unsere L\u00f6sungen entstehen aus sorgf\u00e4ltigen Strukturstudien und erm\u00f6glichen die Erstellung zahlreicher Systemtypen: Palettenregale, mehrstufige Laufstege...","breadcrumb":{"@id":"https:\/\/www.stage.armes.it\/de\/lagersysteme\/#breadcrumb"},"inLanguage":"de","potentialAction":[{"@type":"ReadAction","target":["https:\/\/www.stage.armes.it\/de\/lagersysteme\/"]}]},{"@type":"BreadcrumbList","@id":"https:\/\/www.stage.armes.it\/de\/lagersysteme\/#breadcrumb","itemListElement":[{"@type":"ListItem","position":1,"name":"Home","item":"https:\/\/www.stage.armes.it\/de\/"},{"@type":"ListItem","position":2,"name":"Lagersysteme"}]},{"@type":"WebSite","@id":"https:\/\/www.stage.armes.it\/de\/#website","url":"https:\/\/www.stage.armes.it\/de\/","name":"Armes","description":"Da oltre 40 anni specialisti nella produzione, vendita e ispezione di scaffalature metalliche per l&#039;industria","publisher":{"@id":"https:\/\/www.stage.armes.it\/de\/#organization"},"potentialAction":[{"@type":"SearchAction","target":{"@type":"EntryPoint","urlTemplate":"https:\/\/www.stage.armes.it\/de\/?s={search_term_string}"},"query-input":"required name=search_term_string"}],"inLanguage":"de"},{"@type":"Organization","@id":"https:\/\/www.stage.armes.it\/de\/#organization","name":"Armes SpA","url":"https:\/\/www.stage.armes.it\/de\/","logo":{"@type":"ImageObject","inLanguage":"de","@id":"https:\/\/www.stage.armes.it\/de\/#\/schema\/logo\/image\/","url":"https:\/\/www.stage.armes.it\/wp-content\/uploads\/2023\/04\/logo-armes-dark.svg","contentUrl":"https:\/\/www.stage.armes.it\/wp-content\/uploads\/2023\/04\/logo-armes-dark.svg","width":219,"height":76,"caption":"Armes SpA"},"image":{"@id":"https:\/\/www.stage.armes.it\/de\/#\/schema\/logo\/image\/"},"sameAs":["https:\/\/www.facebook.com\/Armes.spa","https:\/\/it.linkedin.com\/company\/armes","https:\/\/www.instagram.com\/armes_steelracking\/"]}]}},"_links":{"self":[{"href":"https:\/\/www.stage.armes.it\/de\/wp-json\/wp\/v2\/pages\/6790"}],"collection":[{"href":"https:\/\/www.stage.armes.it\/de\/wp-json\/wp\/v2\/pages"}],"about":[{"href":"https:\/\/www.stage.armes.it\/de\/wp-json\/wp\/v2\/types\/page"}],"author":[{"embeddable":true,"href":"https:\/\/www.stage.armes.it\/de\/wp-json\/wp\/v2\/users\/1"}],"replies":[{"embeddable":true,"href":"https:\/\/www.stage.armes.it\/de\/wp-json\/wp\/v2\/comments?post=6790"}],"version-history":[{"count":47,"href":"https:\/\/www.stage.armes.it\/de\/wp-json\/wp\/v2\/pages\/6790\/revisions"}],"predecessor-version":[{"id":9625,"href":"https:\/\/www.stage.armes.it\/de\/wp-json\/wp\/v2\/pages\/6790\/revisions\/9625"}],"wp:attachment":[{"href":"https:\/\/www.stage.armes.it\/de\/wp-json\/wp\/v2\/media?parent=6790"}],"curies":[{"name":"wp","href":"https:\/\/api.w.org\/{rel}","templated":true}]}}