{"id":6796,"date":"2023-11-14T17:00:43","date_gmt":"2023-11-14T16:00:43","guid":{"rendered":"https:\/\/www.stage.armes.it\/case-studies-2\/"},"modified":"2024-09-09T22:25:43","modified_gmt":"2024-09-09T20:25:43","slug":"case-studies-2","status":"publish","type":"page","link":"https:\/\/www.stage.armes.it\/de\/case-studies-2\/","title":{"rendered":"Case Studies"},"content":{"rendered":"<section class=\"wpb-content-wrapper\">[vc_row full_width=&#8221;stretch_row_content_no_spaces&#8221; equal_height=&#8221;yes&#8221; css=&#8221;.vc_custom_1690972716756{margin-top: 86px !important;}&#8221;][vc_column][vc_masonry_grid post_type=&#8221;custom&#8221; item=&#8221;8111&#8243; grid_id=&#8221;vc_gid:1710330180892-5bdfca86be76f45218fc8bdd454dff4f-0&#8243; custom_query=&#8221;post_type=page&amp;post_parent=685&amp;post_status=publish&amp;posts_per_page=-1&amp;orderby=date&amp;order=DESC&#8221; css=&#8221;.vc_custom_1710330204859{margin-top: 10px !important;}&#8221;][\/vc_column][\/vc_row]\n<\/section>","protected":false},"excerpt":{"rendered":"<p>[vc_row full_width=&#8221;stretch_row_content_no_spaces&#8221; equal_height=&#8221;yes&#8221; css=&#8221;.vc_custom_1690972716756{margin-top: 86px !important;}&#8221;][vc_column][vc_masonry_grid post_type=&#8221;custom&#8221; item=&#8221;8111&#8243; grid_id=&#8221;vc_gid:1710330180892-5bdfca86be76f45218fc8bdd454dff4f-0&#8243; custom_query=&#8221;post_type=page&amp;post_parent=685&amp;post_status=publish&amp;posts_per_page=-1&amp;orderby=date&amp;order=DESC&#8221; css=&#8221;.vc_custom_1710330204859{margin-top: 10px !important;}&#8221;][\/vc_column][\/vc_row]<\/p>\n","protected":false},"author":1,"featured_media":0,"parent":0,"menu_order":0,"comment_status":"closed","ping_status":"closed","template":"","meta":{"inline_featured_image":false},"acf":[],"yoast_head":"<!-- This site is optimized with the Yoast SEO plugin v21.8.1 - https:\/\/yoast.com\/wordpress\/plugins\/seo\/ -->\n<title>Fallstudien - Armes<\/title>\n<meta name=\"description\" content=\"Entdecken Sie alle gro\u00dfartigen Fallstudien von Armes. Unsere Projekte wurden abgeschlossen, indem wir alle spezifischen Bed\u00fcrfnisse unserer Kunden erf\u00fcllt haben.\" \/>\n<meta name=\"robots\" content=\"noindex, follow, max-snippet:-1, max-image-preview:large, max-video-preview:-1\" \/>\n<meta property=\"og:locale\" content=\"de_DE\" \/>\n<meta property=\"og:type\" content=\"article\" \/>\n<meta property=\"og:title\" content=\"Fallstudien - Armes\" \/>\n<meta property=\"og:description\" content=\"Entdecken Sie alle gro\u00dfartigen Fallstudien von Armes. Unsere Projekte wurden abgeschlossen, indem wir alle spezifischen Bed\u00fcrfnisse unserer Kunden erf\u00fcllt haben.\" \/>\n<meta property=\"og:url\" content=\"https:\/\/www.stage.armes.it\/de\/case-studies-2\/\" \/>\n<meta property=\"og:site_name\" content=\"ARMES\" \/>\n<meta property=\"article:publisher\" content=\"https:\/\/www.facebook.com\/Armes.spa\" \/>\n<meta property=\"article:modified_time\" content=\"2024-09-09T20:25:43+00:00\" \/>\n<meta name=\"twitter:card\" content=\"summary_large_image\" \/>\n<script type=\"application\/ld+json\" class=\"yoast-schema-graph\">{\"@context\":\"https:\/\/schema.org\",\"@graph\":[{\"@type\":\"WebPage\",\"@id\":\"https:\/\/www.stage.armes.it\/de\/case-studies-2\/\",\"url\":\"https:\/\/www.stage.armes.it\/de\/case-studies-2\/\",\"name\":\"Fallstudien - Armes\",\"isPartOf\":{\"@id\":\"https:\/\/www.stage.armes.it\/de\/#website\"},\"datePublished\":\"2023-11-14T16:00:43+00:00\",\"dateModified\":\"2024-09-09T20:25:43+00:00\",\"description\":\"Entdecken Sie alle gro\u00dfartigen Fallstudien von Armes. Unsere Projekte wurden abgeschlossen, indem wir alle spezifischen Bed\u00fcrfnisse unserer Kunden erf\u00fcllt haben.\",\"breadcrumb\":{\"@id\":\"https:\/\/www.stage.armes.it\/de\/case-studies-2\/#breadcrumb\"},\"inLanguage\":\"de\",\"potentialAction\":[{\"@type\":\"ReadAction\",\"target\":[\"https:\/\/www.stage.armes.it\/de\/case-studies-2\/\"]}]},{\"@type\":\"BreadcrumbList\",\"@id\":\"https:\/\/www.stage.armes.it\/de\/case-studies-2\/#breadcrumb\",\"itemListElement\":[{\"@type\":\"ListItem\",\"position\":1,\"name\":\"Home\",\"item\":\"https:\/\/www.stage.armes.it\/de\/\"},{\"@type\":\"ListItem\",\"position\":2,\"name\":\"Case Studies\"}]},{\"@type\":\"WebSite\",\"@id\":\"https:\/\/www.stage.armes.it\/de\/#website\",\"url\":\"https:\/\/www.stage.armes.it\/de\/\",\"name\":\"Armes\",\"description\":\"Da oltre 40 anni specialisti nella produzione, vendita e ispezione di scaffalature metalliche per l&#039;industria\",\"publisher\":{\"@id\":\"https:\/\/www.stage.armes.it\/de\/#organization\"},\"potentialAction\":[{\"@type\":\"SearchAction\",\"target\":{\"@type\":\"EntryPoint\",\"urlTemplate\":\"https:\/\/www.stage.armes.it\/de\/?s={search_term_string}\"},\"query-input\":\"required name=search_term_string\"}],\"inLanguage\":\"de\"},{\"@type\":\"Organization\",\"@id\":\"https:\/\/www.stage.armes.it\/de\/#organization\",\"name\":\"Armes SpA\",\"url\":\"https:\/\/www.stage.armes.it\/de\/\",\"logo\":{\"@type\":\"ImageObject\",\"inLanguage\":\"de\",\"@id\":\"https:\/\/www.stage.armes.it\/de\/#\/schema\/logo\/image\/\",\"url\":\"https:\/\/www.stage.armes.it\/wp-content\/uploads\/2023\/04\/logo-armes-dark.svg\",\"contentUrl\":\"https:\/\/www.stage.armes.it\/wp-content\/uploads\/2023\/04\/logo-armes-dark.svg\",\"width\":219,\"height\":76,\"caption\":\"Armes SpA\"},\"image\":{\"@id\":\"https:\/\/www.stage.armes.it\/de\/#\/schema\/logo\/image\/\"},\"sameAs\":[\"https:\/\/www.facebook.com\/Armes.spa\",\"https:\/\/it.linkedin.com\/company\/armes\",\"https:\/\/www.instagram.com\/armes_steelracking\/\"]}]}<\/script>\n<!-- \/ Yoast SEO plugin. -->","yoast_head_json":{"title":"Fallstudien - Armes","description":"Entdecken Sie alle gro\u00dfartigen Fallstudien von Armes. Unsere Projekte wurden abgeschlossen, indem wir alle spezifischen Bed\u00fcrfnisse unserer Kunden erf\u00fcllt haben.","robots":{"index":"noindex","follow":"follow","max-snippet":"max-snippet:-1","max-image-preview":"max-image-preview:large","max-video-preview":"max-video-preview:-1"},"og_locale":"de_DE","og_type":"article","og_title":"Fallstudien - Armes","og_description":"Entdecken Sie alle gro\u00dfartigen Fallstudien von Armes. Unsere Projekte wurden abgeschlossen, indem wir alle spezifischen Bed\u00fcrfnisse unserer Kunden erf\u00fcllt haben.","og_url":"https:\/\/www.stage.armes.it\/de\/case-studies-2\/","og_site_name":"ARMES","article_publisher":"https:\/\/www.facebook.com\/Armes.spa","article_modified_time":"2024-09-09T20:25:43+00:00","twitter_card":"summary_large_image","schema":{"@context":"https:\/\/schema.org","@graph":[{"@type":"WebPage","@id":"https:\/\/www.stage.armes.it\/de\/case-studies-2\/","url":"https:\/\/www.stage.armes.it\/de\/case-studies-2\/","name":"Fallstudien - Armes","isPartOf":{"@id":"https:\/\/www.stage.armes.it\/de\/#website"},"datePublished":"2023-11-14T16:00:43+00:00","dateModified":"2024-09-09T20:25:43+00:00","description":"Entdecken Sie alle gro\u00dfartigen Fallstudien von Armes. Unsere Projekte wurden abgeschlossen, indem wir alle spezifischen Bed\u00fcrfnisse unserer Kunden erf\u00fcllt haben.","breadcrumb":{"@id":"https:\/\/www.stage.armes.it\/de\/case-studies-2\/#breadcrumb"},"inLanguage":"de","potentialAction":[{"@type":"ReadAction","target":["https:\/\/www.stage.armes.it\/de\/case-studies-2\/"]}]},{"@type":"BreadcrumbList","@id":"https:\/\/www.stage.armes.it\/de\/case-studies-2\/#breadcrumb","itemListElement":[{"@type":"ListItem","position":1,"name":"Home","item":"https:\/\/www.stage.armes.it\/de\/"},{"@type":"ListItem","position":2,"name":"Case Studies"}]},{"@type":"WebSite","@id":"https:\/\/www.stage.armes.it\/de\/#website","url":"https:\/\/www.stage.armes.it\/de\/","name":"Armes","description":"Da oltre 40 anni specialisti nella produzione, vendita e ispezione di scaffalature metalliche per l&#039;industria","publisher":{"@id":"https:\/\/www.stage.armes.it\/de\/#organization"},"potentialAction":[{"@type":"SearchAction","target":{"@type":"EntryPoint","urlTemplate":"https:\/\/www.stage.armes.it\/de\/?s={search_term_string}"},"query-input":"required name=search_term_string"}],"inLanguage":"de"},{"@type":"Organization","@id":"https:\/\/www.stage.armes.it\/de\/#organization","name":"Armes SpA","url":"https:\/\/www.stage.armes.it\/de\/","logo":{"@type":"ImageObject","inLanguage":"de","@id":"https:\/\/www.stage.armes.it\/de\/#\/schema\/logo\/image\/","url":"https:\/\/www.stage.armes.it\/wp-content\/uploads\/2023\/04\/logo-armes-dark.svg","contentUrl":"https:\/\/www.stage.armes.it\/wp-content\/uploads\/2023\/04\/logo-armes-dark.svg","width":219,"height":76,"caption":"Armes SpA"},"image":{"@id":"https:\/\/www.stage.armes.it\/de\/#\/schema\/logo\/image\/"},"sameAs":["https:\/\/www.facebook.com\/Armes.spa","https:\/\/it.linkedin.com\/company\/armes","https:\/\/www.instagram.com\/armes_steelracking\/"]}]}},"_links":{"self":[{"href":"https:\/\/www.stage.armes.it\/de\/wp-json\/wp\/v2\/pages\/6796"}],"collection":[{"href":"https:\/\/www.stage.armes.it\/de\/wp-json\/wp\/v2\/pages"}],"about":[{"href":"https:\/\/www.stage.armes.it\/de\/wp-json\/wp\/v2\/types\/page"}],"author":[{"embeddable":true,"href":"https:\/\/www.stage.armes.it\/de\/wp-json\/wp\/v2\/users\/1"}],"replies":[{"embeddable":true,"href":"https:\/\/www.stage.armes.it\/de\/wp-json\/wp\/v2\/comments?post=6796"}],"version-history":[{"count":6,"href":"https:\/\/www.stage.armes.it\/de\/wp-json\/wp\/v2\/pages\/6796\/revisions"}],"predecessor-version":[{"id":9617,"href":"https:\/\/www.stage.armes.it\/de\/wp-json\/wp\/v2\/pages\/6796\/revisions\/9617"}],"wp:attachment":[{"href":"https:\/\/www.stage.armes.it\/de\/wp-json\/wp\/v2\/media?parent=6796"}],"curies":[{"name":"wp","href":"https:\/\/api.w.org\/{rel}","templated":true}]}}