{"id":7013,"date":"2023-11-27T12:20:47","date_gmt":"2023-11-27T11:20:47","guid":{"rendered":"https:\/\/www.stage.armes.it\/systemes-de-stockage\/"},"modified":"2024-09-06T10:21:13","modified_gmt":"2024-09-06T08:21:13","slug":"systemes-de-stockage","status":"publish","type":"page","link":"https:\/\/www.stage.armes.it\/fr\/systemes-de-stockage\/","title":{"rendered":"Syst\u00e8mes de stockage"},"content":{"rendered":"<section class=\"wpb-content-wrapper\">[vc_row el_class=&#8221;stoccaggio-box-portfolio&#8221; css=&#8221;.vc_custom_1715693299257{margin-top: 70px !important;padding-top: 70px !important;padding-right: 0px !important;padding-bottom: 70px !important;padding-left: 0px !important;background-color: #e6e6e6 !important;}&#8221;][vc_column]<div class=\"norebro-text-sc titolo-pagina\" \n\tid=\"norebro-custom-69e62a82aa0d1\" \n\t \n\t>\n\n\t<h1 id='syst\u00e8mes-de-stockage'  id=\"boomdevs_1\" style=\"text-align: center; margin-bottom: 0;\" >Syst\u00e8mes de stockage<\/h1>\n\t\n<\/div><div class=\"norebro-text-sc sottotitolo-pagina\" \n\tid=\"norebro-custom-69e62a82aa1c1\" \n\t \n\t>\n\n\t<p style=\"text-align: center;\">Nos solutions<\/p>\n\t\n<\/div>[vc_empty_space height=&#8221;40px&#8221;][vc_raw_html]JTVCc2xpZGVyX2NhdGVnb3JpZV9wb3J0Zm9saW8lNUQ=[\/vc_raw_html][\/vc_column][\/vc_row][vc_row el_class=&#8221;lista-categorie-container-principale&#8221;][vc_column][vc_raw_html]JTVCbGlzdGFfcG9zdHNfY2F0ZWdvcmllX3BvcnRmb2xpbyU1RA==[\/vc_raw_html][\/vc_column][\/vc_row][vc_row full_width=&#8221;stretch_row&#8221; full_height=&#8221;yes&#8221; content_placement=&#8221;middle&#8221; el_class=&#8221;contenitore-trust-stoccaggio&#8221; css=&#8221;.vc_custom_1715698868897{padding-top: 50px !important;padding-bottom: 50px !important;background-color: #e6e6e6 !important;}&#8221;][vc_column width=&#8221;1\/2&#8243;]<div class=\"norebro-text-sc \" \n\tid=\"norebro-custom-69e62a82aa278\" \n\t \n\t>\n\n\t<h2 id='pourquoi-armes'  id=\"boomdevs_2\" >Pourquoi Armes?<\/h2>\n\t\n<\/div>[vc_empty_space]<div class=\"norebro-text-sc \" \n\tid=\"norebro-custom-69e62a82aa35f\" \n\t \n\t>\n\n\t<p style=\"text-align: left;\">Nos solutions r\u00e9sultent d&#8217;\u00e9tudes structurelles minutieuses et permettent la cr\u00e9ation de nombreux types de syst\u00e8mes : rayonnages \u00e0 palettes, \u00e9tag\u00e8res modulaires embo\u00eetables, passerelles multi-niveaux, entrep\u00f4ts automatiques, syst\u00e8mes autoportants avec grande extension verticale et d\u00e9bits \u00e9lev\u00e9s. La polyvalence des produits et l&#8217;\u00e9tendue de la gamme permettent des cr\u00e9ations des tailles les plus vari\u00e9es et pour toute application, toujours avec un rapport co\u00fbt\/performance optimal.<\/p>\n\t\n<\/div><div class=\"norebro-text-sc \" \n\tid=\"norebro-custom-69e62a82aa3fe\" \n\t \n\t>\n\n\t<p style=\"text-align: left;\">Nous concevons le dimensionnement de la structure apr\u00e8s avoir analys\u00e9 tous les facteurs fondamentaux : la surface disponible, l&#8217;unit\u00e9 de charge \u00e0 stocker, le chariot \u00e9l\u00e9vateur fourni, la g\u00e9olocalisation du chantier en conformit\u00e9 de la r\u00e9glementation antisismique.<\/p>\n\t\n<\/div>[vc_empty_space][\/vc_column][vc_column width=&#8221;1\/2&#8243;][vc_single_image image=&#8221;8730&#8243; img_size=&#8221;full&#8221;][\/vc_column][\/vc_row]\n<\/section>","protected":false},"excerpt":{"rendered":"<p>[vc_row el_class=&#8221;stoccaggio-box-portfolio&#8221; css=&#8221;.vc_custom_1715693299257{margin-top: 70px !important;padding-top: 70px !important;padding-right: 0px !important;padding-bottom: 70px !important;padding-left: 0px !important;background-color: #e6e6e6&#8230;<\/p>\n","protected":false},"author":1,"featured_media":0,"parent":0,"menu_order":0,"comment_status":"closed","ping_status":"closed","template":"page-portfolio-category.php","meta":{"inline_featured_image":false},"acf":[],"yoast_head":"<!-- This site is optimized with the Yoast SEO plugin v21.8.1 - https:\/\/yoast.com\/wordpress\/plugins\/seo\/ -->\n<title>Les meilleurs syst\u00e8mes de stockage pour entrep\u00f4ts - Armes<\/title>\n<meta name=\"description\" content=\"Nos solutions r\u00e9sultent d\u2019\u00e9tudes structurelles minutieuses et permettent la cr\u00e9ation de nombreux types de syst\u00e8mes de stockage: rayonnages \u00e0 palettes...\" \/>\n<meta name=\"robots\" content=\"noindex, follow, max-snippet:-1, max-image-preview:large, max-video-preview:-1\" \/>\n<meta property=\"og:locale\" content=\"fr_FR\" \/>\n<meta property=\"og:type\" content=\"article\" \/>\n<meta property=\"og:title\" content=\"Les meilleurs syst\u00e8mes de stockage pour entrep\u00f4ts - Armes\" \/>\n<meta property=\"og:description\" content=\"Nos solutions r\u00e9sultent d\u2019\u00e9tudes structurelles minutieuses et permettent la cr\u00e9ation de nombreux types de syst\u00e8mes de stockage: rayonnages \u00e0 palettes...\" \/>\n<meta property=\"og:url\" content=\"https:\/\/www.stage.armes.it\/fr\/systemes-de-stockage\/\" \/>\n<meta property=\"og:site_name\" content=\"ARMES\" \/>\n<meta property=\"article:publisher\" content=\"https:\/\/www.facebook.com\/Armes.spa\" \/>\n<meta property=\"article:modified_time\" content=\"2024-09-06T08:21:13+00:00\" \/>\n<meta name=\"twitter:card\" content=\"summary_large_image\" \/>\n<script type=\"application\/ld+json\" class=\"yoast-schema-graph\">{\"@context\":\"https:\/\/schema.org\",\"@graph\":[{\"@type\":\"WebPage\",\"@id\":\"https:\/\/www.stage.armes.it\/fr\/systemes-de-stockage\/\",\"url\":\"https:\/\/www.stage.armes.it\/fr\/systemes-de-stockage\/\",\"name\":\"Les meilleurs syst\u00e8mes de stockage pour entrep\u00f4ts - Armes\",\"isPartOf\":{\"@id\":\"https:\/\/www.stage.armes.it\/fr\/#website\"},\"datePublished\":\"2023-11-27T11:20:47+00:00\",\"dateModified\":\"2024-09-06T08:21:13+00:00\",\"description\":\"Nos solutions r\u00e9sultent d\u2019\u00e9tudes structurelles minutieuses et permettent la cr\u00e9ation de nombreux types de syst\u00e8mes de stockage: rayonnages \u00e0 palettes...\",\"breadcrumb\":{\"@id\":\"https:\/\/www.stage.armes.it\/fr\/systemes-de-stockage\/#breadcrumb\"},\"inLanguage\":\"fr-FR\",\"potentialAction\":[{\"@type\":\"ReadAction\",\"target\":[\"https:\/\/www.stage.armes.it\/fr\/systemes-de-stockage\/\"]}]},{\"@type\":\"BreadcrumbList\",\"@id\":\"https:\/\/www.stage.armes.it\/fr\/systemes-de-stockage\/#breadcrumb\",\"itemListElement\":[{\"@type\":\"ListItem\",\"position\":1,\"name\":\"Home\",\"item\":\"https:\/\/www.stage.armes.it\/fr\/\"},{\"@type\":\"ListItem\",\"position\":2,\"name\":\"Syst\u00e8mes de stockage\"}]},{\"@type\":\"WebSite\",\"@id\":\"https:\/\/www.stage.armes.it\/fr\/#website\",\"url\":\"https:\/\/www.stage.armes.it\/fr\/\",\"name\":\"Armes\",\"description\":\"Da oltre 40 anni specialisti nella produzione, vendita e ispezione di scaffalature metalliche per l&#039;industria\",\"publisher\":{\"@id\":\"https:\/\/www.stage.armes.it\/fr\/#organization\"},\"potentialAction\":[{\"@type\":\"SearchAction\",\"target\":{\"@type\":\"EntryPoint\",\"urlTemplate\":\"https:\/\/www.stage.armes.it\/fr\/?s={search_term_string}\"},\"query-input\":\"required name=search_term_string\"}],\"inLanguage\":\"fr-FR\"},{\"@type\":\"Organization\",\"@id\":\"https:\/\/www.stage.armes.it\/fr\/#organization\",\"name\":\"Armes SpA\",\"url\":\"https:\/\/www.stage.armes.it\/fr\/\",\"logo\":{\"@type\":\"ImageObject\",\"inLanguage\":\"fr-FR\",\"@id\":\"https:\/\/www.stage.armes.it\/fr\/#\/schema\/logo\/image\/\",\"url\":\"https:\/\/www.stage.armes.it\/wp-content\/uploads\/2023\/04\/logo-armes-dark.svg\",\"contentUrl\":\"https:\/\/www.stage.armes.it\/wp-content\/uploads\/2023\/04\/logo-armes-dark.svg\",\"width\":219,\"height\":76,\"caption\":\"Armes SpA\"},\"image\":{\"@id\":\"https:\/\/www.stage.armes.it\/fr\/#\/schema\/logo\/image\/\"},\"sameAs\":[\"https:\/\/www.facebook.com\/Armes.spa\",\"https:\/\/it.linkedin.com\/company\/armes\",\"https:\/\/www.instagram.com\/armes_steelracking\/\"]}]}<\/script>\n<!-- \/ Yoast SEO plugin. -->","yoast_head_json":{"title":"Les meilleurs syst\u00e8mes de stockage pour entrep\u00f4ts - Armes","description":"Nos solutions r\u00e9sultent d\u2019\u00e9tudes structurelles minutieuses et permettent la cr\u00e9ation de nombreux types de syst\u00e8mes de stockage: rayonnages \u00e0 palettes...","robots":{"index":"noindex","follow":"follow","max-snippet":"max-snippet:-1","max-image-preview":"max-image-preview:large","max-video-preview":"max-video-preview:-1"},"og_locale":"fr_FR","og_type":"article","og_title":"Les meilleurs syst\u00e8mes de stockage pour entrep\u00f4ts - Armes","og_description":"Nos solutions r\u00e9sultent d\u2019\u00e9tudes structurelles minutieuses et permettent la cr\u00e9ation de nombreux types de syst\u00e8mes de stockage: rayonnages \u00e0 palettes...","og_url":"https:\/\/www.stage.armes.it\/fr\/systemes-de-stockage\/","og_site_name":"ARMES","article_publisher":"https:\/\/www.facebook.com\/Armes.spa","article_modified_time":"2024-09-06T08:21:13+00:00","twitter_card":"summary_large_image","schema":{"@context":"https:\/\/schema.org","@graph":[{"@type":"WebPage","@id":"https:\/\/www.stage.armes.it\/fr\/systemes-de-stockage\/","url":"https:\/\/www.stage.armes.it\/fr\/systemes-de-stockage\/","name":"Les meilleurs syst\u00e8mes de stockage pour entrep\u00f4ts - Armes","isPartOf":{"@id":"https:\/\/www.stage.armes.it\/fr\/#website"},"datePublished":"2023-11-27T11:20:47+00:00","dateModified":"2024-09-06T08:21:13+00:00","description":"Nos solutions r\u00e9sultent d\u2019\u00e9tudes structurelles minutieuses et permettent la cr\u00e9ation de nombreux types de syst\u00e8mes de stockage: rayonnages \u00e0 palettes...","breadcrumb":{"@id":"https:\/\/www.stage.armes.it\/fr\/systemes-de-stockage\/#breadcrumb"},"inLanguage":"fr-FR","potentialAction":[{"@type":"ReadAction","target":["https:\/\/www.stage.armes.it\/fr\/systemes-de-stockage\/"]}]},{"@type":"BreadcrumbList","@id":"https:\/\/www.stage.armes.it\/fr\/systemes-de-stockage\/#breadcrumb","itemListElement":[{"@type":"ListItem","position":1,"name":"Home","item":"https:\/\/www.stage.armes.it\/fr\/"},{"@type":"ListItem","position":2,"name":"Syst\u00e8mes de stockage"}]},{"@type":"WebSite","@id":"https:\/\/www.stage.armes.it\/fr\/#website","url":"https:\/\/www.stage.armes.it\/fr\/","name":"Armes","description":"Da oltre 40 anni specialisti nella produzione, vendita e ispezione di scaffalature metalliche per l&#039;industria","publisher":{"@id":"https:\/\/www.stage.armes.it\/fr\/#organization"},"potentialAction":[{"@type":"SearchAction","target":{"@type":"EntryPoint","urlTemplate":"https:\/\/www.stage.armes.it\/fr\/?s={search_term_string}"},"query-input":"required name=search_term_string"}],"inLanguage":"fr-FR"},{"@type":"Organization","@id":"https:\/\/www.stage.armes.it\/fr\/#organization","name":"Armes SpA","url":"https:\/\/www.stage.armes.it\/fr\/","logo":{"@type":"ImageObject","inLanguage":"fr-FR","@id":"https:\/\/www.stage.armes.it\/fr\/#\/schema\/logo\/image\/","url":"https:\/\/www.stage.armes.it\/wp-content\/uploads\/2023\/04\/logo-armes-dark.svg","contentUrl":"https:\/\/www.stage.armes.it\/wp-content\/uploads\/2023\/04\/logo-armes-dark.svg","width":219,"height":76,"caption":"Armes SpA"},"image":{"@id":"https:\/\/www.stage.armes.it\/fr\/#\/schema\/logo\/image\/"},"sameAs":["https:\/\/www.facebook.com\/Armes.spa","https:\/\/it.linkedin.com\/company\/armes","https:\/\/www.instagram.com\/armes_steelracking\/"]}]}},"_links":{"self":[{"href":"https:\/\/www.stage.armes.it\/fr\/wp-json\/wp\/v2\/pages\/7013"}],"collection":[{"href":"https:\/\/www.stage.armes.it\/fr\/wp-json\/wp\/v2\/pages"}],"about":[{"href":"https:\/\/www.stage.armes.it\/fr\/wp-json\/wp\/v2\/types\/page"}],"author":[{"embeddable":true,"href":"https:\/\/www.stage.armes.it\/fr\/wp-json\/wp\/v2\/users\/1"}],"replies":[{"embeddable":true,"href":"https:\/\/www.stage.armes.it\/fr\/wp-json\/wp\/v2\/comments?post=7013"}],"version-history":[{"count":23,"href":"https:\/\/www.stage.armes.it\/fr\/wp-json\/wp\/v2\/pages\/7013\/revisions"}],"predecessor-version":[{"id":9437,"href":"https:\/\/www.stage.armes.it\/fr\/wp-json\/wp\/v2\/pages\/7013\/revisions\/9437"}],"wp:attachment":[{"href":"https:\/\/www.stage.armes.it\/fr\/wp-json\/wp\/v2\/media?parent=7013"}],"curies":[{"name":"wp","href":"https:\/\/api.w.org\/{rel}","templated":true}]}}