{"id":7024,"date":"2023-11-27T12:42:13","date_gmt":"2023-11-27T11:42:13","guid":{"rendered":"https:\/\/www.stage.armes.it\/etudes-de-cas\/"},"modified":"2024-09-09T22:19:09","modified_gmt":"2024-09-09T20:19:09","slug":"etudes-de-cas","status":"publish","type":"page","link":"https:\/\/www.stage.armes.it\/fr\/etudes-de-cas\/","title":{"rendered":"\u00c9tudes de cas"},"content":{"rendered":"<section class=\"wpb-content-wrapper\">[vc_row full_width=&#8221;stretch_row_content_no_spaces&#8221; equal_height=&#8221;yes&#8221; css=&#8221;.vc_custom_1690972716756{margin-top: 86px !important;}&#8221;][vc_column][vc_masonry_grid post_type=&#8221;custom&#8221; item=&#8221;8114&#8243; grid_id=&#8221;vc_gid:1710330192137-f1beec5c1e43f44dbfdf93b403fb26a9-5&#8243; custom_query=&#8221;post_type=page&amp;post_parent=685&amp;post_status=publish&amp;posts_per_page=-1&amp;orderby=date&amp;order=DESC&#8221; css=&#8221;.vc_custom_1710330236128{margin-top: 10px !important;}&#8221;][\/vc_column][\/vc_row]\n<\/section>","protected":false},"excerpt":{"rendered":"<p>[vc_row full_width=&#8221;stretch_row_content_no_spaces&#8221; equal_height=&#8221;yes&#8221; css=&#8221;.vc_custom_1690972716756{margin-top: 86px !important;}&#8221;][vc_column][vc_masonry_grid post_type=&#8221;custom&#8221; item=&#8221;8114&#8243; grid_id=&#8221;vc_gid:1710330192137-f1beec5c1e43f44dbfdf93b403fb26a9-5&#8243; custom_query=&#8221;post_type=page&amp;post_parent=685&amp;post_status=publish&amp;posts_per_page=-1&amp;orderby=date&amp;order=DESC&#8221; css=&#8221;.vc_custom_1710330236128{margin-top: 10px !important;}&#8221;][\/vc_column][\/vc_row]<\/p>\n","protected":false},"author":1,"featured_media":0,"parent":0,"menu_order":0,"comment_status":"closed","ping_status":"closed","template":"","meta":{"inline_featured_image":false},"acf":[],"yoast_head":"<!-- This site is optimized with the Yoast SEO plugin v21.8.1 - https:\/\/yoast.com\/wordpress\/plugins\/seo\/ -->\n<title>\u00c9tudes de cas - Armes<\/title>\n<meta name=\"description\" content=\"D\u00e9couvrez d\u00e8s maintenant toutes les \u00e9tudes de cas exceptionnelles d&#039;Armes. Nos projets ont \u00e9t\u00e9 r\u00e9alis\u00e9s en r\u00e9pondant \u00e0 tous les besoins sp\u00e9cifiques de nos clients.\" \/>\n<meta name=\"robots\" content=\"noindex, follow, max-snippet:-1, max-image-preview:large, max-video-preview:-1\" \/>\n<meta property=\"og:locale\" content=\"fr_FR\" \/>\n<meta property=\"og:type\" content=\"article\" \/>\n<meta property=\"og:title\" content=\"\u00c9tudes de cas - Armes\" \/>\n<meta property=\"og:description\" content=\"D\u00e9couvrez d\u00e8s maintenant toutes les \u00e9tudes de cas exceptionnelles d&#039;Armes. Nos projets ont \u00e9t\u00e9 r\u00e9alis\u00e9s en r\u00e9pondant \u00e0 tous les besoins sp\u00e9cifiques de nos clients.\" \/>\n<meta property=\"og:url\" content=\"https:\/\/www.stage.armes.it\/fr\/etudes-de-cas\/\" \/>\n<meta property=\"og:site_name\" content=\"ARMES\" \/>\n<meta property=\"article:publisher\" content=\"https:\/\/www.facebook.com\/Armes.spa\" \/>\n<meta property=\"article:modified_time\" content=\"2024-09-09T20:19:09+00:00\" \/>\n<meta name=\"twitter:card\" content=\"summary_large_image\" \/>\n<script type=\"application\/ld+json\" class=\"yoast-schema-graph\">{\"@context\":\"https:\/\/schema.org\",\"@graph\":[{\"@type\":\"WebPage\",\"@id\":\"https:\/\/www.stage.armes.it\/fr\/etudes-de-cas\/\",\"url\":\"https:\/\/www.stage.armes.it\/fr\/etudes-de-cas\/\",\"name\":\"\u00c9tudes de cas - Armes\",\"isPartOf\":{\"@id\":\"https:\/\/www.stage.armes.it\/fr\/#website\"},\"datePublished\":\"2023-11-27T11:42:13+00:00\",\"dateModified\":\"2024-09-09T20:19:09+00:00\",\"description\":\"D\u00e9couvrez d\u00e8s maintenant toutes les \u00e9tudes de cas exceptionnelles d'Armes. Nos projets ont \u00e9t\u00e9 r\u00e9alis\u00e9s en r\u00e9pondant \u00e0 tous les besoins sp\u00e9cifiques de nos clients.\",\"breadcrumb\":{\"@id\":\"https:\/\/www.stage.armes.it\/fr\/etudes-de-cas\/#breadcrumb\"},\"inLanguage\":\"fr-FR\",\"potentialAction\":[{\"@type\":\"ReadAction\",\"target\":[\"https:\/\/www.stage.armes.it\/fr\/etudes-de-cas\/\"]}]},{\"@type\":\"BreadcrumbList\",\"@id\":\"https:\/\/www.stage.armes.it\/fr\/etudes-de-cas\/#breadcrumb\",\"itemListElement\":[{\"@type\":\"ListItem\",\"position\":1,\"name\":\"Home\",\"item\":\"https:\/\/www.stage.armes.it\/fr\/\"},{\"@type\":\"ListItem\",\"position\":2,\"name\":\"\u00c9tudes de cas\"}]},{\"@type\":\"WebSite\",\"@id\":\"https:\/\/www.stage.armes.it\/fr\/#website\",\"url\":\"https:\/\/www.stage.armes.it\/fr\/\",\"name\":\"Armes\",\"description\":\"Da oltre 40 anni specialisti nella produzione, vendita e ispezione di scaffalature metalliche per l&#039;industria\",\"publisher\":{\"@id\":\"https:\/\/www.stage.armes.it\/fr\/#organization\"},\"potentialAction\":[{\"@type\":\"SearchAction\",\"target\":{\"@type\":\"EntryPoint\",\"urlTemplate\":\"https:\/\/www.stage.armes.it\/fr\/?s={search_term_string}\"},\"query-input\":\"required name=search_term_string\"}],\"inLanguage\":\"fr-FR\"},{\"@type\":\"Organization\",\"@id\":\"https:\/\/www.stage.armes.it\/fr\/#organization\",\"name\":\"Armes SpA\",\"url\":\"https:\/\/www.stage.armes.it\/fr\/\",\"logo\":{\"@type\":\"ImageObject\",\"inLanguage\":\"fr-FR\",\"@id\":\"https:\/\/www.stage.armes.it\/fr\/#\/schema\/logo\/image\/\",\"url\":\"https:\/\/www.stage.armes.it\/wp-content\/uploads\/2023\/04\/logo-armes-dark.svg\",\"contentUrl\":\"https:\/\/www.stage.armes.it\/wp-content\/uploads\/2023\/04\/logo-armes-dark.svg\",\"width\":219,\"height\":76,\"caption\":\"Armes SpA\"},\"image\":{\"@id\":\"https:\/\/www.stage.armes.it\/fr\/#\/schema\/logo\/image\/\"},\"sameAs\":[\"https:\/\/www.facebook.com\/Armes.spa\",\"https:\/\/it.linkedin.com\/company\/armes\",\"https:\/\/www.instagram.com\/armes_steelracking\/\"]}]}<\/script>\n<!-- \/ Yoast SEO plugin. -->","yoast_head_json":{"title":"\u00c9tudes de cas - Armes","description":"D\u00e9couvrez d\u00e8s maintenant toutes les \u00e9tudes de cas exceptionnelles d'Armes. Nos projets ont \u00e9t\u00e9 r\u00e9alis\u00e9s en r\u00e9pondant \u00e0 tous les besoins sp\u00e9cifiques de nos clients.","robots":{"index":"noindex","follow":"follow","max-snippet":"max-snippet:-1","max-image-preview":"max-image-preview:large","max-video-preview":"max-video-preview:-1"},"og_locale":"fr_FR","og_type":"article","og_title":"\u00c9tudes de cas - Armes","og_description":"D\u00e9couvrez d\u00e8s maintenant toutes les \u00e9tudes de cas exceptionnelles d'Armes. Nos projets ont \u00e9t\u00e9 r\u00e9alis\u00e9s en r\u00e9pondant \u00e0 tous les besoins sp\u00e9cifiques de nos clients.","og_url":"https:\/\/www.stage.armes.it\/fr\/etudes-de-cas\/","og_site_name":"ARMES","article_publisher":"https:\/\/www.facebook.com\/Armes.spa","article_modified_time":"2024-09-09T20:19:09+00:00","twitter_card":"summary_large_image","schema":{"@context":"https:\/\/schema.org","@graph":[{"@type":"WebPage","@id":"https:\/\/www.stage.armes.it\/fr\/etudes-de-cas\/","url":"https:\/\/www.stage.armes.it\/fr\/etudes-de-cas\/","name":"\u00c9tudes de cas - Armes","isPartOf":{"@id":"https:\/\/www.stage.armes.it\/fr\/#website"},"datePublished":"2023-11-27T11:42:13+00:00","dateModified":"2024-09-09T20:19:09+00:00","description":"D\u00e9couvrez d\u00e8s maintenant toutes les \u00e9tudes de cas exceptionnelles d'Armes. Nos projets ont \u00e9t\u00e9 r\u00e9alis\u00e9s en r\u00e9pondant \u00e0 tous les besoins sp\u00e9cifiques de nos clients.","breadcrumb":{"@id":"https:\/\/www.stage.armes.it\/fr\/etudes-de-cas\/#breadcrumb"},"inLanguage":"fr-FR","potentialAction":[{"@type":"ReadAction","target":["https:\/\/www.stage.armes.it\/fr\/etudes-de-cas\/"]}]},{"@type":"BreadcrumbList","@id":"https:\/\/www.stage.armes.it\/fr\/etudes-de-cas\/#breadcrumb","itemListElement":[{"@type":"ListItem","position":1,"name":"Home","item":"https:\/\/www.stage.armes.it\/fr\/"},{"@type":"ListItem","position":2,"name":"\u00c9tudes de cas"}]},{"@type":"WebSite","@id":"https:\/\/www.stage.armes.it\/fr\/#website","url":"https:\/\/www.stage.armes.it\/fr\/","name":"Armes","description":"Da oltre 40 anni specialisti nella produzione, vendita e ispezione di scaffalature metalliche per l&#039;industria","publisher":{"@id":"https:\/\/www.stage.armes.it\/fr\/#organization"},"potentialAction":[{"@type":"SearchAction","target":{"@type":"EntryPoint","urlTemplate":"https:\/\/www.stage.armes.it\/fr\/?s={search_term_string}"},"query-input":"required name=search_term_string"}],"inLanguage":"fr-FR"},{"@type":"Organization","@id":"https:\/\/www.stage.armes.it\/fr\/#organization","name":"Armes SpA","url":"https:\/\/www.stage.armes.it\/fr\/","logo":{"@type":"ImageObject","inLanguage":"fr-FR","@id":"https:\/\/www.stage.armes.it\/fr\/#\/schema\/logo\/image\/","url":"https:\/\/www.stage.armes.it\/wp-content\/uploads\/2023\/04\/logo-armes-dark.svg","contentUrl":"https:\/\/www.stage.armes.it\/wp-content\/uploads\/2023\/04\/logo-armes-dark.svg","width":219,"height":76,"caption":"Armes SpA"},"image":{"@id":"https:\/\/www.stage.armes.it\/fr\/#\/schema\/logo\/image\/"},"sameAs":["https:\/\/www.facebook.com\/Armes.spa","https:\/\/it.linkedin.com\/company\/armes","https:\/\/www.instagram.com\/armes_steelracking\/"]}]}},"_links":{"self":[{"href":"https:\/\/www.stage.armes.it\/fr\/wp-json\/wp\/v2\/pages\/7024"}],"collection":[{"href":"https:\/\/www.stage.armes.it\/fr\/wp-json\/wp\/v2\/pages"}],"about":[{"href":"https:\/\/www.stage.armes.it\/fr\/wp-json\/wp\/v2\/types\/page"}],"author":[{"embeddable":true,"href":"https:\/\/www.stage.armes.it\/fr\/wp-json\/wp\/v2\/users\/1"}],"replies":[{"embeddable":true,"href":"https:\/\/www.stage.armes.it\/fr\/wp-json\/wp\/v2\/comments?post=7024"}],"version-history":[{"count":6,"href":"https:\/\/www.stage.armes.it\/fr\/wp-json\/wp\/v2\/pages\/7024\/revisions"}],"predecessor-version":[{"id":9616,"href":"https:\/\/www.stage.armes.it\/fr\/wp-json\/wp\/v2\/pages\/7024\/revisions\/9616"}],"wp:attachment":[{"href":"https:\/\/www.stage.armes.it\/fr\/wp-json\/wp\/v2\/media?parent=7024"}],"curies":[{"name":"wp","href":"https:\/\/api.w.org\/{rel}","templated":true}]}}