{"id":7892,"date":"2024-03-07T16:30:08","date_gmt":"2024-03-07T15:30:08","guid":{"rendered":"https:\/\/www.stage.armes.it\/?page_id=7892"},"modified":"2024-09-06T10:38:16","modified_gmt":"2024-09-06T08:38:16","slug":"contact","status":"publish","type":"page","link":"https:\/\/www.stage.armes.it\/fr\/contact\/","title":{"rendered":"Contact"},"content":{"rendered":"<section class=\"wpb-content-wrapper\">[vc_row full_width=&#8221;stretch_row_content&#8221; css=&#8221;.vc_custom_1724243732201{padding-top: 200px !important;padding-bottom: 150px !important;background-image: url(https:\/\/www.stage.armes.it\/wp-content\/uploads\/2024\/03\/copertina-pagina-contatti-def.jpg?id=8141) !important;background-position: center !important;background-repeat: no-repeat !important;background-size: cover !important;}&#8221; el_class=&#8221;header_pagina_img&#8221;][vc_column width=&#8221;1\/12&#8243;][\/vc_column][vc_column width=&#8221;10\/12&#8243;][vc_row_inner][vc_column_inner offset=&#8221;vc_hidden-md vc_hidden-sm vc_hidden-xs&#8221;][vc_empty_space height=&#8221;92px&#8221;][\/vc_column_inner][\/vc_row_inner]<div class=\"norebro-heading-sc heading text-left\"\n\tid=\"norebro-custom-69e640a381c56\" \n\t \n\t>\n\t\n\t\t\t<p class=\"subtitle\">\n\t\t\tCONTACT\t\t<\/p>\n\t\n\t\n\t<h1 class=\"title subtitle-top\">\n\t\tRestez en contact\t<\/h1>\n\n\t\n\t\t\n<\/div>[\/vc_column][vc_column width=&#8221;1\/12&#8243;][\/vc_column][\/vc_row][vc_row css=&#8221;.vc_custom_1690892699044{margin-top: 70px !important;margin-bottom: 100px !important;}&#8221;][vc_column width=&#8221;1\/3&#8243;][vc_column_text]<strong>(HQ)<\/strong><br \/>\nVia Bivio San Vitale, 58<br \/>\n36075 Montecchio Maggiore (VI)<br \/>\n<a href=\"tel:+390444604111\">+39 0444 604111<\/a>[\/vc_column_text][\/vc_column][vc_column width=&#8221;2\/3&#8243;][vc_gmaps link=&#8221;#E-8_JTNDaWZyYW1lJTIwc3JjJTNEJTIyaHR0cHMlM0ElMkYlMkZ3d3cuZ29vZ2xlLmNvbSUyRm1hcHMlMkZlbWJlZCUzRnBiJTNEJTIxMW0xOCUyMTFtMTIlMjExbTMlMjExZDI3OTUuNzAzNDg0MjEyODMyJTIxMmQxMS4zOTAxOTQzOTk5OTk5OTklMjEzZDQ1LjUxNjA0NzMlMjEybTMlMjExZjAlMjEyZjAlMjEzZjAlMjEzbTIlMjExaTEwMjQlMjEyaTc2OCUyMTRmMTMuMSUyMTNtMyUyMTFtMiUyMTFzMHg0NzdmNDgyODkwNTM0MDJkJTI1M0EweGZkN2RhZTQzMzdiNWIwYTklMjEyc1ZpYSUyNTIwQml2aW8lMjUyMFMuJTI1MjBWaXRhbGUlMjUyQyUyNTIwNTglMjUyQyUyNTIwMzYwNzUlMjUyME1vbnRlY2NoaW8lMjUyME1hZ2dpb3JlJTI1MjBWSSUyMTVlMCUyMTNtMiUyMTFzaXQlMjEyc2l0JTIxNHYxNzA3OTI4MzE0OTkyJTIxNW0yJTIxMXNpdCUyMTJzaXQlMjIlMjB3aWR0aCUzRCUyMjYwMCUyMiUyMGhlaWdodCUzRCUyMjQ1MCUyMiUyMHN0eWxlJTNEJTIyYm9yZGVyJTNBMCUzQiUyMiUyMGFsbG93ZnVsbHNjcmVlbiUzRCUyMiUyMiUyMGxvYWRpbmclM0QlMjJsYXp5JTIyJTIwcmVmZXJyZXJwb2xpY3klM0QlMjJuby1yZWZlcnJlci13aGVuLWRvd25ncmFkZSUyMiUzRSUzQyUyRmlmcmFtZSUzRQ==&#8221;][\/vc_column][\/vc_row][vc_row css=&#8221;.vc_custom_1690892699044{margin-top: 70px !important;margin-bottom: 100px !important;}&#8221;][vc_column width=&#8221;1\/3&#8243;][vc_column_text]<strong>Bifurquer<\/strong><br \/>\nZona industriale Cian<br \/>\n60026 Numana (AN)<br \/>\n<a href=\"tel:+390444604111\">+39 0444 604111<\/a>[\/vc_column_text][\/vc_column][vc_column width=&#8221;2\/3&#8243;][vc_gmaps link=&#8221;#E-8_JTNDaWZyYW1lJTIwc3JjJTNEJTIyaHR0cHMlM0ElMkYlMkZ3d3cuZ29vZ2xlLmNvbSUyRm1hcHMlMkZlbWJlZCUzRnBiJTNEJTIxMW0xNCUyMTFtOCUyMTFtMyUyMTFkMzQ0My4wMTUyMjczNDE2NjQzJTIxMmQxMy41OTY5NjIzMTA0MjQ3OSUyMTNkNDMuNDc2ODk2NDQ5NzEzMzk0JTIxM20yJTIxMWkxMDI0JTIxMmk3NjglMjE0ZjEzLjElMjEzbTMlMjExbTIlMjExczB4MTMzMjc5MDM4YTZkN2U5ZCUyNTNBMHhkNmY2NzA5ZmVlNTAzMmIyJTIxMnNab25hJTI1MjBJbmR1c3RyaWFsZSUyNTJDJTI1MjA2MDAyNiUyNTIwWm9uYSUyNTIwSW5kdXN0cmlhbGUlMjUyMEFydGlnaWFuYWxlJTI1MjBBTiUyMTVlMCUyMTNtMiUyMTFzaXQlMjEyc2l0JTIxNHYxNzA3OTI4OTM3NzE1JTIxNW0yJTIxMXNpdCUyMTJzaXQlMjIlMjB3aWR0aCUzRCUyMjYwMCUyMiUyMGhlaWdodCUzRCUyMjQ1MCUyMiUyMHN0eWxlJTNEJTIyYm9yZGVyJTNBMCUzQiUyMiUyMGFsbG93ZnVsbHNjcmVlbiUzRCUyMiUyMiUyMGxvYWRpbmclM0QlMjJsYXp5JTIyJTIwcmVmZXJyZXJwb2xpY3klM0QlMjJuby1yZWZlcnJlci13aGVuLWRvd25ncmFkZSUyMiUzRSUzQyUyRmlmcmFtZSUzRQ==&#8221;][\/vc_column][\/vc_row][vc_row css=&#8221;.vc_custom_1690892699044{margin-top: 70px !important;margin-bottom: 100px !important;}&#8221;][vc_column width=&#8221;1\/3&#8243;][vc_column_text]\n<p><strong>Branche de production<\/strong><br \/>\nVia Francesco Petrarca, 16<br \/>\n36030 Caldogno (VI)<br \/>\n<a href=\"tel:+390444604111\">+39 0444 604111<\/a><\/p>\n[\/vc_column_text][\/vc_column][vc_column width=&#8221;2\/3&#8243;][vc_gmaps link=&#8221;#E-8_JTNDaWZyYW1lJTIwc3JjJTNEJTIyaHR0cHMlM0ElMkYlMkZ3d3cuZ29vZ2xlLmNvbSUyRm1hcHMlMkZlbWJlZCUzRnBiJTNEJTIxMW0xOCUyMTFtMTIlMjExbTMlMjExZDI3OTAuNzYzMzQ3NDgyNzA5JTIxMmQxMS40OTE2ODg1JTIxM2Q0NS42MTUzOTk0OTk5OTk5OTUlMjEybTMlMjExZjAlMjEyZjAlMjEzZjAlMjEzbTIlMjExaTEwMjQlMjEyaTc2OCUyMTRmMTMuMSUyMTNtMyUyMTFtMiUyMTFzMHg0NzdmMzU1YjI2NzcwYjMxJTI1M0EweDJjMmUxYTUxYjQwMTNmYmUlMjEyc0FybWVzJTI1MjBTLlAuQS4lMjUyMENhbGRvZ25vJTI1MjAtJTI1MjBGaWxpYWxlJTI1MjBwcm9kdXR0aXZhJTIxNWUwJTIxM20yJTIxMXNpdCUyMTJzaXQlMjE0djE3MTc2NzI0NTEyNjMlMjE1bTIlMjExc2l0JTIxMnNpdCUyMiUyMHdpZHRoJTNEJTIyNjAwJTIyJTIwaGVpZ2h0JTNEJTIyNDUwJTIyJTIwc3R5bGUlM0QlMjJib3JkZXIlM0EwJTNCJTIyJTIwYWxsb3dmdWxsc2NyZWVuJTNEJTIyJTIyJTIwbG9hZGluZyUzRCUyMmxhenklMjIlMjByZWZlcnJlcnBvbGljeSUzRCUyMm5vLXJlZmVycmVyLXdoZW4tZG93bmdyYWRlJTIyJTNFJTNDJTJGaWZyYW1lJTNF&#8221;][\/vc_column][\/vc_row]\n<\/section>","protected":false},"excerpt":{"rendered":"<p>[vc_row full_width=&#8221;stretch_row_content&#8221; css=&#8221;.vc_custom_1724243732201{padding-top: 200px !important;padding-bottom: 150px !important;background-image: url(https:\/\/www.stage.armes.it\/wp-content\/uploads\/2024\/03\/copertina-pagina-contatti-def.jpg?id=8141) !important;background-position: center !important;background-repeat: no-repeat !important;background-size: cover&#8230;<\/p>\n","protected":false},"author":9,"featured_media":8141,"parent":0,"menu_order":0,"comment_status":"closed","ping_status":"closed","template":"","meta":{"inline_featured_image":false},"acf":[],"yoast_head":"<!-- This site is optimized with the Yoast SEO plugin v21.8.1 - https:\/\/yoast.com\/wordpress\/plugins\/seo\/ -->\n<title>Contactez-nous - Armes<\/title>\n<meta name=\"description\" content=\"Contactez les experts d&#039;Armes en utilisant les coordonn\u00e9es fournies sur notre site web: nous sommes situ\u00e9s \u00e0 Montecchio Maggiore (VI), Caldogno (VI) et Numana (AN).\" \/>\n<meta name=\"robots\" content=\"noindex, follow, max-snippet:-1, max-image-preview:large, max-video-preview:-1\" \/>\n<meta property=\"og:locale\" content=\"fr_FR\" \/>\n<meta property=\"og:type\" content=\"article\" \/>\n<meta property=\"og:title\" content=\"Contactez-nous - Armes\" \/>\n<meta property=\"og:description\" content=\"Contactez les experts d&#039;Armes en utilisant les coordonn\u00e9es fournies sur notre site web: nous sommes situ\u00e9s \u00e0 Montecchio Maggiore (VI), Caldogno (VI) et Numana (AN).\" \/>\n<meta property=\"og:url\" content=\"https:\/\/www.stage.armes.it\/fr\/contact\/\" \/>\n<meta property=\"og:site_name\" content=\"ARMES\" \/>\n<meta property=\"article:publisher\" content=\"https:\/\/www.facebook.com\/Armes.spa\" \/>\n<meta property=\"article:modified_time\" content=\"2024-09-06T08:38:16+00:00\" \/>\n<meta property=\"og:image\" content=\"https:\/\/www.stage.armes.it\/wp-content\/uploads\/2024\/03\/copertina-pagina-contatti-def.jpg\" \/>\n\t<meta property=\"og:image:width\" content=\"2000\" \/>\n\t<meta property=\"og:image:height\" content=\"1303\" \/>\n\t<meta property=\"og:image:type\" content=\"image\/jpeg\" \/>\n<meta name=\"twitter:card\" content=\"summary_large_image\" \/>\n<script type=\"application\/ld+json\" class=\"yoast-schema-graph\">{\"@context\":\"https:\/\/schema.org\",\"@graph\":[{\"@type\":\"WebPage\",\"@id\":\"https:\/\/www.stage.armes.it\/fr\/contact\/\",\"url\":\"https:\/\/www.stage.armes.it\/fr\/contact\/\",\"name\":\"Contactez-nous - Armes\",\"isPartOf\":{\"@id\":\"https:\/\/www.stage.armes.it\/fr\/#website\"},\"datePublished\":\"2024-03-07T15:30:08+00:00\",\"dateModified\":\"2024-09-06T08:38:16+00:00\",\"description\":\"Contactez les experts d'Armes en utilisant les coordonn\u00e9es fournies sur notre site web: nous sommes situ\u00e9s \u00e0 Montecchio Maggiore (VI), Caldogno (VI) et Numana (AN).\",\"breadcrumb\":{\"@id\":\"https:\/\/www.stage.armes.it\/fr\/contact\/#breadcrumb\"},\"inLanguage\":\"fr-FR\",\"potentialAction\":[{\"@type\":\"ReadAction\",\"target\":[\"https:\/\/www.stage.armes.it\/fr\/contact\/\"]}]},{\"@type\":\"BreadcrumbList\",\"@id\":\"https:\/\/www.stage.armes.it\/fr\/contact\/#breadcrumb\",\"itemListElement\":[{\"@type\":\"ListItem\",\"position\":1,\"name\":\"Home\",\"item\":\"https:\/\/www.stage.armes.it\/fr\/\"},{\"@type\":\"ListItem\",\"position\":2,\"name\":\"Contact\"}]},{\"@type\":\"WebSite\",\"@id\":\"https:\/\/www.stage.armes.it\/fr\/#website\",\"url\":\"https:\/\/www.stage.armes.it\/fr\/\",\"name\":\"Armes\",\"description\":\"Da oltre 40 anni specialisti nella produzione, vendita e ispezione di scaffalature metalliche per l&#039;industria\",\"publisher\":{\"@id\":\"https:\/\/www.stage.armes.it\/fr\/#organization\"},\"potentialAction\":[{\"@type\":\"SearchAction\",\"target\":{\"@type\":\"EntryPoint\",\"urlTemplate\":\"https:\/\/www.stage.armes.it\/fr\/?s={search_term_string}\"},\"query-input\":\"required name=search_term_string\"}],\"inLanguage\":\"fr-FR\"},{\"@type\":\"Organization\",\"@id\":\"https:\/\/www.stage.armes.it\/fr\/#organization\",\"name\":\"Armes SpA\",\"url\":\"https:\/\/www.stage.armes.it\/fr\/\",\"logo\":{\"@type\":\"ImageObject\",\"inLanguage\":\"fr-FR\",\"@id\":\"https:\/\/www.stage.armes.it\/fr\/#\/schema\/logo\/image\/\",\"url\":\"https:\/\/www.stage.armes.it\/wp-content\/uploads\/2023\/04\/logo-armes-dark.svg\",\"contentUrl\":\"https:\/\/www.stage.armes.it\/wp-content\/uploads\/2023\/04\/logo-armes-dark.svg\",\"width\":219,\"height\":76,\"caption\":\"Armes SpA\"},\"image\":{\"@id\":\"https:\/\/www.stage.armes.it\/fr\/#\/schema\/logo\/image\/\"},\"sameAs\":[\"https:\/\/www.facebook.com\/Armes.spa\",\"https:\/\/it.linkedin.com\/company\/armes\",\"https:\/\/www.instagram.com\/armes_steelracking\/\"]}]}<\/script>\n<!-- \/ Yoast SEO plugin. -->","yoast_head_json":{"title":"Contactez-nous - Armes","description":"Contactez les experts d'Armes en utilisant les coordonn\u00e9es fournies sur notre site web: nous sommes situ\u00e9s \u00e0 Montecchio Maggiore (VI), Caldogno (VI) et Numana (AN).","robots":{"index":"noindex","follow":"follow","max-snippet":"max-snippet:-1","max-image-preview":"max-image-preview:large","max-video-preview":"max-video-preview:-1"},"og_locale":"fr_FR","og_type":"article","og_title":"Contactez-nous - Armes","og_description":"Contactez les experts d'Armes en utilisant les coordonn\u00e9es fournies sur notre site web: nous sommes situ\u00e9s \u00e0 Montecchio Maggiore (VI), Caldogno (VI) et Numana (AN).","og_url":"https:\/\/www.stage.armes.it\/fr\/contact\/","og_site_name":"ARMES","article_publisher":"https:\/\/www.facebook.com\/Armes.spa","article_modified_time":"2024-09-06T08:38:16+00:00","og_image":[{"width":2000,"height":1303,"url":"https:\/\/www.stage.armes.it\/wp-content\/uploads\/2024\/03\/copertina-pagina-contatti-def.jpg","type":"image\/jpeg"}],"twitter_card":"summary_large_image","schema":{"@context":"https:\/\/schema.org","@graph":[{"@type":"WebPage","@id":"https:\/\/www.stage.armes.it\/fr\/contact\/","url":"https:\/\/www.stage.armes.it\/fr\/contact\/","name":"Contactez-nous - Armes","isPartOf":{"@id":"https:\/\/www.stage.armes.it\/fr\/#website"},"datePublished":"2024-03-07T15:30:08+00:00","dateModified":"2024-09-06T08:38:16+00:00","description":"Contactez les experts d'Armes en utilisant les coordonn\u00e9es fournies sur notre site web: nous sommes situ\u00e9s \u00e0 Montecchio Maggiore (VI), Caldogno (VI) et Numana (AN).","breadcrumb":{"@id":"https:\/\/www.stage.armes.it\/fr\/contact\/#breadcrumb"},"inLanguage":"fr-FR","potentialAction":[{"@type":"ReadAction","target":["https:\/\/www.stage.armes.it\/fr\/contact\/"]}]},{"@type":"BreadcrumbList","@id":"https:\/\/www.stage.armes.it\/fr\/contact\/#breadcrumb","itemListElement":[{"@type":"ListItem","position":1,"name":"Home","item":"https:\/\/www.stage.armes.it\/fr\/"},{"@type":"ListItem","position":2,"name":"Contact"}]},{"@type":"WebSite","@id":"https:\/\/www.stage.armes.it\/fr\/#website","url":"https:\/\/www.stage.armes.it\/fr\/","name":"Armes","description":"Da oltre 40 anni specialisti nella produzione, vendita e ispezione di scaffalature metalliche per l&#039;industria","publisher":{"@id":"https:\/\/www.stage.armes.it\/fr\/#organization"},"potentialAction":[{"@type":"SearchAction","target":{"@type":"EntryPoint","urlTemplate":"https:\/\/www.stage.armes.it\/fr\/?s={search_term_string}"},"query-input":"required name=search_term_string"}],"inLanguage":"fr-FR"},{"@type":"Organization","@id":"https:\/\/www.stage.armes.it\/fr\/#organization","name":"Armes SpA","url":"https:\/\/www.stage.armes.it\/fr\/","logo":{"@type":"ImageObject","inLanguage":"fr-FR","@id":"https:\/\/www.stage.armes.it\/fr\/#\/schema\/logo\/image\/","url":"https:\/\/www.stage.armes.it\/wp-content\/uploads\/2023\/04\/logo-armes-dark.svg","contentUrl":"https:\/\/www.stage.armes.it\/wp-content\/uploads\/2023\/04\/logo-armes-dark.svg","width":219,"height":76,"caption":"Armes SpA"},"image":{"@id":"https:\/\/www.stage.armes.it\/fr\/#\/schema\/logo\/image\/"},"sameAs":["https:\/\/www.facebook.com\/Armes.spa","https:\/\/it.linkedin.com\/company\/armes","https:\/\/www.instagram.com\/armes_steelracking\/"]}]}},"_links":{"self":[{"href":"https:\/\/www.stage.armes.it\/fr\/wp-json\/wp\/v2\/pages\/7892"}],"collection":[{"href":"https:\/\/www.stage.armes.it\/fr\/wp-json\/wp\/v2\/pages"}],"about":[{"href":"https:\/\/www.stage.armes.it\/fr\/wp-json\/wp\/v2\/types\/page"}],"author":[{"embeddable":true,"href":"https:\/\/www.stage.armes.it\/fr\/wp-json\/wp\/v2\/users\/9"}],"replies":[{"embeddable":true,"href":"https:\/\/www.stage.armes.it\/fr\/wp-json\/wp\/v2\/comments?post=7892"}],"version-history":[{"count":11,"href":"https:\/\/www.stage.armes.it\/fr\/wp-json\/wp\/v2\/pages\/7892\/revisions"}],"predecessor-version":[{"id":9511,"href":"https:\/\/www.stage.armes.it\/fr\/wp-json\/wp\/v2\/pages\/7892\/revisions\/9511"}],"wp:featuredmedia":[{"embeddable":true,"href":"https:\/\/www.stage.armes.it\/fr\/wp-json\/wp\/v2\/media\/8141"}],"wp:attachment":[{"href":"https:\/\/www.stage.armes.it\/fr\/wp-json\/wp\/v2\/media?parent=7892"}],"curies":[{"name":"wp","href":"https:\/\/api.w.org\/{rel}","templated":true}]}}